{"id":2217,"date":"2022-06-24T12:01:23","date_gmt":"2022-06-24T15:01:23","guid":{"rendered":"https:\/\/hassonadvogados.com.br\/paola-siqueira-de-camargo\/"},"modified":"2022-07-22T16:21:58","modified_gmt":"2022-07-22T19:21:58","slug":"paola-siqueira-de-camargo","status":"publish","type":"page","link":"https:\/\/hassonadvogados.com.br\/en\/lawyers\/paola-siqueira-de-camargo\/","title":{"rendered":"Paola Siqueira de Camargo"},"content":{"rendered":"<h4>History<\/h4>\n<p>Experienced lawyer in the areas of Civil Law and Consumer Relations. He has held internships at the Court of Justice and at companies in various fields. Integrates the team in the consumer relations area serving telecom and telephony cases in the State of Paran\u00e1.<\/p>\n<h4>Training<\/h4>\n<ul>\n<li>Pontifical Catholic University of Paran\u00e1.<\/li>\n<li>Post-graduated in Penal Sciences at PUC\/PR.<\/li>\n<\/ul>\n<h4>Publications<\/h4>\n<ul>\n<li>Author article titled &#8220;The new wording of article 122 of the Criminal Code: self-mutilation &#8211; available at the International Center of Criminal Studies (ICCS) &#8211; 2020.<\/li>\n<li>Certificate of participation in the self-instructional course &#8220;Criminal and Economic Law&#8221; from Funda\u00e7\u00e3o Get\u00falio Vargas &#8211; 2020.<\/li>\n<li>Co-written article entitled &#8220;Petrobras in Lava Jato: criminal jurisdiction in the face of the rule of connection and continence&#8221; &#8211; available at &#8220;Canal Ci\u00eancias Criminais&#8221; &#8211; 2020.<\/li>\n<\/ul>\n","protected":false},"excerpt":{"rendered":"<p>History Experienced lawyer in the areas of Civil Law and Consumer Relations. He has held internships at the Court of Justice and at companies in various fields. Integrates the team in the consumer relations area serving telecom and telephony cases in the State of Paran\u00e1. Training Pontifical Catholic University of Paran\u00e1. Post-graduated in Penal Sciences [&hellip;]<\/p>\n","protected":false},"author":1,"featured_media":0,"parent":2228,"menu_order":24,"comment_status":"closed","ping_status":"closed","template":"template-perfil.php","meta":{"_acf_changed":false,"footnotes":""},"coauthors":[],"class_list":["post-2217","page","type-page","status-publish","hentry"],"acf":[],"yoast_head":"<!-- This site is optimized with the Yoast SEO plugin v24.3 - https:\/\/yoast.com\/wordpress\/plugins\/seo\/ -->\n<title>Paola Siqueira de Camargo | Hasson Advogados<\/title>\n<meta name=\"robots\" content=\"index, follow, max-snippet:-1, max-image-preview:large, max-video-preview:-1\" \/>\n<link rel=\"canonical\" href=\"https:\/\/hassonadvogados.com.br\/en\/lawyers\/paola-siqueira-de-camargo\/\" \/>\n<meta property=\"og:locale\" content=\"en_US\" \/>\n<meta property=\"og:type\" content=\"article\" \/>\n<meta property=\"og:title\" content=\"Paola Siqueira de Camargo | Hasson Advogados\" \/>\n<meta property=\"og:description\" content=\"History Experienced lawyer in the areas of Civil Law and Consumer Relations. He has held internships at the Court of Justice and at companies in various fields. Integrates the team in the consumer relations area serving telecom and telephony cases in the State of Paran\u00e1. Training Pontifical Catholic University of Paran\u00e1. Post-graduated in Penal Sciences [&hellip;]\" \/>\n<meta property=\"og:url\" content=\"https:\/\/hassonadvogados.com.br\/en\/lawyers\/paola-siqueira-de-camargo\/\" \/>\n<meta property=\"og:site_name\" content=\"Hasson Advogados\" \/>\n<meta property=\"article:modified_time\" content=\"2022-07-22T19:21:58+00:00\" \/>\n<meta name=\"twitter:card\" content=\"summary_large_image\" \/>\n<meta name=\"twitter:label1\" content=\"Est. reading time\" \/>\n\t<meta name=\"twitter:data1\" content=\"1 minute\" \/>\n\t<meta name=\"twitter:label2\" content=\"Written by\" \/>\n\t<meta name=\"twitter:data2\" content=\"javalidigital\" \/>\n<script type=\"application\/ld+json\" class=\"yoast-schema-graph\">{\"@context\":\"https:\/\/schema.org\",\"@graph\":[{\"@type\":\"WebPage\",\"@id\":\"https:\/\/hassonadvogados.com.br\/en\/lawyers\/paola-siqueira-de-camargo\/\",\"url\":\"https:\/\/hassonadvogados.com.br\/en\/lawyers\/paola-siqueira-de-camargo\/\",\"name\":\"Paola Siqueira de Camargo | Hasson Advogados\",\"isPartOf\":{\"@id\":\"https:\/\/hassonadvogados.com.br\/#website\"},\"datePublished\":\"2022-06-24T15:01:23+00:00\",\"dateModified\":\"2022-07-22T19:21:58+00:00\",\"breadcrumb\":{\"@id\":\"https:\/\/hassonadvogados.com.br\/en\/lawyers\/paola-siqueira-de-camargo\/#breadcrumb\"},\"inLanguage\":\"en-US\",\"potentialAction\":[{\"@type\":\"ReadAction\",\"target\":[\"https:\/\/hassonadvogados.com.br\/en\/lawyers\/paola-siqueira-de-camargo\/\"]}]},{\"@type\":\"BreadcrumbList\",\"@id\":\"https:\/\/hassonadvogados.com.br\/en\/lawyers\/paola-siqueira-de-camargo\/#breadcrumb\",\"itemListElement\":[{\"@type\":\"ListItem\",\"position\":1,\"name\":\"In\u00edcio\",\"item\":\"https:\/\/hassonadvogados.com.br\/en\/\"},{\"@type\":\"ListItem\",\"position\":2,\"name\":\"Lawyers\",\"item\":\"https:\/\/hassonadvogados.com.br\/en\/lawyers\/\"},{\"@type\":\"ListItem\",\"position\":3,\"name\":\"Paola Siqueira de Camargo\"}]},{\"@type\":\"WebSite\",\"@id\":\"https:\/\/hassonadvogados.com.br\/#website\",\"url\":\"https:\/\/hassonadvogados.com.br\/\",\"name\":\"Hasson Advogados\",\"description\":\"\",\"publisher\":{\"@id\":\"https:\/\/hassonadvogados.com.br\/#organization\"},\"potentialAction\":[{\"@type\":\"SearchAction\",\"target\":{\"@type\":\"EntryPoint\",\"urlTemplate\":\"https:\/\/hassonadvogados.com.br\/?s={search_term_string}\"},\"query-input\":{\"@type\":\"PropertyValueSpecification\",\"valueRequired\":true,\"valueName\":\"search_term_string\"}}],\"inLanguage\":\"en-US\"},{\"@type\":\"Organization\",\"@id\":\"https:\/\/hassonadvogados.com.br\/#organization\",\"name\":\"Hasson Advogados\",\"url\":\"https:\/\/hassonadvogados.com.br\/\",\"logo\":{\"@type\":\"ImageObject\",\"inLanguage\":\"en-US\",\"@id\":\"https:\/\/hassonadvogados.com.br\/#\/schema\/logo\/image\/\",\"url\":\"https:\/\/hassonadvogados.com.br\/wp-content\/uploads\/2022\/07\/logo-hasson-azul.svg\",\"contentUrl\":\"https:\/\/hassonadvogados.com.br\/wp-content\/uploads\/2022\/07\/logo-hasson-azul.svg\",\"width\":1,\"height\":1,\"caption\":\"Hasson Advogados\"},\"image\":{\"@id\":\"https:\/\/hassonadvogados.com.br\/#\/schema\/logo\/image\/\"}}]}<\/script>\n<!-- \/ Yoast SEO plugin. -->","yoast_head_json":{"title":"Paola Siqueira de Camargo | Hasson Advogados","robots":{"index":"index","follow":"follow","max-snippet":"max-snippet:-1","max-image-preview":"max-image-preview:large","max-video-preview":"max-video-preview:-1"},"canonical":"https:\/\/hassonadvogados.com.br\/en\/lawyers\/paola-siqueira-de-camargo\/","og_locale":"en_US","og_type":"article","og_title":"Paola Siqueira de Camargo | Hasson Advogados","og_description":"History Experienced lawyer in the areas of Civil Law and Consumer Relations. He has held internships at the Court of Justice and at companies in various fields. Integrates the team in the consumer relations area serving telecom and telephony cases in the State of Paran\u00e1. Training Pontifical Catholic University of Paran\u00e1. Post-graduated in Penal Sciences [&hellip;]","og_url":"https:\/\/hassonadvogados.com.br\/en\/lawyers\/paola-siqueira-de-camargo\/","og_site_name":"Hasson Advogados","article_modified_time":"2022-07-22T19:21:58+00:00","twitter_card":"summary_large_image","twitter_misc":{"Est. reading time":"1 minute","Written by":"javalidigital"},"schema":{"@context":"https:\/\/schema.org","@graph":[{"@type":"WebPage","@id":"https:\/\/hassonadvogados.com.br\/en\/lawyers\/paola-siqueira-de-camargo\/","url":"https:\/\/hassonadvogados.com.br\/en\/lawyers\/paola-siqueira-de-camargo\/","name":"Paola Siqueira de Camargo | Hasson Advogados","isPartOf":{"@id":"https:\/\/hassonadvogados.com.br\/#website"},"datePublished":"2022-06-24T15:01:23+00:00","dateModified":"2022-07-22T19:21:58+00:00","breadcrumb":{"@id":"https:\/\/hassonadvogados.com.br\/en\/lawyers\/paola-siqueira-de-camargo\/#breadcrumb"},"inLanguage":"en-US","potentialAction":[{"@type":"ReadAction","target":["https:\/\/hassonadvogados.com.br\/en\/lawyers\/paola-siqueira-de-camargo\/"]}]},{"@type":"BreadcrumbList","@id":"https:\/\/hassonadvogados.com.br\/en\/lawyers\/paola-siqueira-de-camargo\/#breadcrumb","itemListElement":[{"@type":"ListItem","position":1,"name":"In\u00edcio","item":"https:\/\/hassonadvogados.com.br\/en\/"},{"@type":"ListItem","position":2,"name":"Lawyers","item":"https:\/\/hassonadvogados.com.br\/en\/lawyers\/"},{"@type":"ListItem","position":3,"name":"Paola Siqueira de Camargo"}]},{"@type":"WebSite","@id":"https:\/\/hassonadvogados.com.br\/#website","url":"https:\/\/hassonadvogados.com.br\/","name":"Hasson Advogados","description":"","publisher":{"@id":"https:\/\/hassonadvogados.com.br\/#organization"},"potentialAction":[{"@type":"SearchAction","target":{"@type":"EntryPoint","urlTemplate":"https:\/\/hassonadvogados.com.br\/?s={search_term_string}"},"query-input":{"@type":"PropertyValueSpecification","valueRequired":true,"valueName":"search_term_string"}}],"inLanguage":"en-US"},{"@type":"Organization","@id":"https:\/\/hassonadvogados.com.br\/#organization","name":"Hasson Advogados","url":"https:\/\/hassonadvogados.com.br\/","logo":{"@type":"ImageObject","inLanguage":"en-US","@id":"https:\/\/hassonadvogados.com.br\/#\/schema\/logo\/image\/","url":"https:\/\/hassonadvogados.com.br\/wp-content\/uploads\/2022\/07\/logo-hasson-azul.svg","contentUrl":"https:\/\/hassonadvogados.com.br\/wp-content\/uploads\/2022\/07\/logo-hasson-azul.svg","width":1,"height":1,"caption":"Hasson Advogados"},"image":{"@id":"https:\/\/hassonadvogados.com.br\/#\/schema\/logo\/image\/"}}]}},"_links":{"self":[{"href":"https:\/\/hassonadvogados.com.br\/en\/wp-json\/wp\/v2\/pages\/2217","targetHints":{"allow":["GET"]}}],"collection":[{"href":"https:\/\/hassonadvogados.com.br\/en\/wp-json\/wp\/v2\/pages"}],"about":[{"href":"https:\/\/hassonadvogados.com.br\/en\/wp-json\/wp\/v2\/types\/page"}],"author":[{"embeddable":true,"href":"https:\/\/hassonadvogados.com.br\/en\/wp-json\/wp\/v2\/users\/1"}],"replies":[{"embeddable":true,"href":"https:\/\/hassonadvogados.com.br\/en\/wp-json\/wp\/v2\/comments?post=2217"}],"version-history":[{"count":3,"href":"https:\/\/hassonadvogados.com.br\/en\/wp-json\/wp\/v2\/pages\/2217\/revisions"}],"predecessor-version":[{"id":2438,"href":"https:\/\/hassonadvogados.com.br\/en\/wp-json\/wp\/v2\/pages\/2217\/revisions\/2438"}],"up":[{"embeddable":true,"href":"https:\/\/hassonadvogados.com.br\/en\/wp-json\/wp\/v2\/pages\/2228"}],"wp:attachment":[{"href":"https:\/\/hassonadvogados.com.br\/en\/wp-json\/wp\/v2\/media?parent=2217"}],"wp:term":[{"taxonomy":"author","embeddable":true,"href":"https:\/\/hassonadvogados.com.br\/en\/wp-json\/wp\/v2\/coauthors?post=2217"}],"curies":[{"name":"wp","href":"https:\/\/api.w.org\/{rel}","templated":true}]}}