{"id":2393,"date":"2021-11-01T12:40:48","date_gmt":"2021-11-01T15:40:48","guid":{"rendered":"https:\/\/hassonadvogados.com.br\/lawyers\/roland-hasson\/"},"modified":"2024-03-05T15:49:14","modified_gmt":"2024-03-05T18:49:14","slug":"roland-hasson","status":"publish","type":"page","link":"https:\/\/hassonadvogados.com.br\/en\/lawyers\/roland-hasson\/","title":{"rendered":"Roland Hasson"},"content":{"rendered":"<h4>History<\/h4>\n<p>He has published several books and articles in the areas of Labor Law and Labor Procedure Law, civil liability, and fundamental rights. He is part of the editorial board of the legal magazines Bonijuris, Juru\u00e1 Editora, Revista da Procuradoria Geral do Estado do Paran\u00e1, Revista Jurisvox, and Revista Direito do Estado em Debate.<\/p>\n<p>He is a member of the Institute of Brazilian Lawyers, the Institute of Lawyers of Paran\u00e1, the Brazilian Institute of Social Law Cesarino J\u00fanior, and the Rotary Club of Curitiba.<\/p>\n<h4>Training<\/h4>\n<ul>\n<li>Bachelor of Laws from the Federal University of Paran\u00e1, Curitiba.<\/li>\n<li>Master in Private Law from the Federal University of Paran\u00e1, Curitiba.<\/li>\n<li>PhD in Relationship Law from the Federal University of Paran\u00e1, Curitiba.<\/li>\n<\/ul>\n<h4>Experience<\/h4>\n<ul>\n<li>Attorney General of the State of Paran\u00e1 &#8211; Attorney. Since 1982 &#8211; Retired in 2015. After being approved in a public competition of tests and titles, since 1982, having, by merit, become Attorney Class I (last grade of the career).<\/li>\n<li>Hasson &amp; Advogados &#8211; Founding Partner. Since 1987 &#8211; Founding partner, specialist in the areas of labor law, private law, fundamental rights.<\/li>\n<li>OAB-PR &#8211; Counselor. 1989\/1990 Biennium &#8211; Counselor of the 2nd Special Chamber.<\/li>\n<li>OAB-PR &#8211; Vice President of the State Commission for the Defense of Human Rights. 1989.<\/li>\n<li>Pontif\u00edcia Universidade Cat\u00f3lica do Paran\u00e1 &#8211; Professor. From 1991 to 2014. Full professor at undergraduate and postgraduate levels, Master&#8217;s and Ph.<\/li>\n<li>OAB-PR &#8211; Member of the Examining Board for the 1st Bar Examination. 1995.<\/li>\n<li>OAB-PR -Member of the Review Committee of the Bar Exam. 1998.<\/li>\n<li>OAB-PR &#8211; Member of the Legal Education Commission. From 1998 until 2001.<\/li>\n<li>OAB-PR -Representative. 2004. Representative of OAB-PR at the solemnity of inauguration of Substitute Judge of the Regional Labor Court of the 9th Region.<\/li>\n<li>Paran\u00e1 State Prosecutors Association &#8211; President. 2006.<\/li>\n<li>B&#8217;nai B&#8217;rith Curitiba &#8211; President. 2008.<\/li>\n<li>SINPES-PR &#8211; Union of Higher Education Professors of the State of Paran\u00e1 &#8211; Treasurer. Biennium 2010\/2011.<\/li>\n<li>Rotary Club &#8211; President. Biennium 2010\/2011.<\/li>\n<li>Iniciativa Foundation &#8211; President. 2012\/2013 Biennium.<\/li>\n<li>Pontifical Catholic University of Paran\u00e1 &#8211; Member of the University Council &#8211; Consum. 2012\/2013 Biennium.<\/li>\n<li>GVT &#8211; GLOBAL VILLAGE TELECOM &#8211; Vice President of Institutional Affairs. From 2013 to 2015.<\/li>\n<li>CANATRA &#8211; NATIONAL CHAMBER OF LABOR ARBITRATION &#8211; Arbitrator. As of 2019.<\/li>\n<\/ul>\n","protected":false},"excerpt":{"rendered":"<p>History He has published several books and articles in the areas of Labor Law and Labor Procedure Law, civil liability, and fundamental rights. He is part of the editorial board of the legal magazines Bonijuris, Juru\u00e1 Editora, Revista da Procuradoria Geral do Estado do Paran\u00e1, Revista Jurisvox, and Revista Direito do Estado em Debate. He [&hellip;]<\/p>\n","protected":false},"author":1,"featured_media":2111,"parent":2228,"menu_order":29,"comment_status":"closed","ping_status":"closed","template":"template-perfil.php","meta":{"_acf_changed":false,"footnotes":""},"coauthors":[],"class_list":["post-2393","page","type-page","status-publish","has-post-thumbnail","hentry"],"acf":[],"yoast_head":"<!-- This site is optimized with the Yoast SEO plugin v24.3 - https:\/\/yoast.com\/wordpress\/plugins\/seo\/ -->\n<title>Roland Hasson | Hasson Advogados<\/title>\n<meta name=\"robots\" content=\"index, follow, max-snippet:-1, max-image-preview:large, max-video-preview:-1\" \/>\n<link rel=\"canonical\" href=\"https:\/\/hassonadvogados.com.br\/en\/lawyers\/roland-hasson\/\" \/>\n<meta property=\"og:locale\" content=\"en_US\" \/>\n<meta property=\"og:type\" content=\"article\" \/>\n<meta property=\"og:title\" content=\"Roland Hasson | Hasson Advogados\" \/>\n<meta property=\"og:description\" content=\"History He has published several books and articles in the areas of Labor Law and Labor Procedure Law, civil liability, and fundamental rights. He is part of the editorial board of the legal magazines Bonijuris, Juru\u00e1 Editora, Revista da Procuradoria Geral do Estado do Paran\u00e1, Revista Jurisvox, and Revista Direito do Estado em Debate. He [&hellip;]\" \/>\n<meta property=\"og:url\" content=\"https:\/\/hassonadvogados.com.br\/en\/lawyers\/roland-hasson\/\" \/>\n<meta property=\"og:site_name\" content=\"Hasson Advogados\" \/>\n<meta property=\"article:modified_time\" content=\"2024-03-05T18:49:14+00:00\" \/>\n<meta property=\"og:image\" content=\"https:\/\/hassonadvogados.com.br\/wp-content\/uploads\/2021\/11\/roland-cor-menor.jpg\" \/>\n\t<meta property=\"og:image:width\" content=\"854\" \/>\n\t<meta property=\"og:image:height\" content=\"1280\" \/>\n\t<meta property=\"og:image:type\" content=\"image\/jpeg\" \/>\n<meta name=\"twitter:card\" content=\"summary_large_image\" \/>\n<meta name=\"twitter:label1\" content=\"Est. reading time\" \/>\n\t<meta name=\"twitter:data1\" content=\"2 minutes\" \/>\n\t<meta name=\"twitter:label2\" content=\"Written by\" \/>\n\t<meta name=\"twitter:data2\" content=\"javalidigital\" \/>\n<script type=\"application\/ld+json\" class=\"yoast-schema-graph\">{\"@context\":\"https:\/\/schema.org\",\"@graph\":[{\"@type\":\"WebPage\",\"@id\":\"https:\/\/hassonadvogados.com.br\/en\/lawyers\/roland-hasson\/\",\"url\":\"https:\/\/hassonadvogados.com.br\/en\/lawyers\/roland-hasson\/\",\"name\":\"Roland Hasson | Hasson Advogados\",\"isPartOf\":{\"@id\":\"https:\/\/hassonadvogados.com.br\/#website\"},\"primaryImageOfPage\":{\"@id\":\"https:\/\/hassonadvogados.com.br\/en\/lawyers\/roland-hasson\/#primaryimage\"},\"image\":{\"@id\":\"https:\/\/hassonadvogados.com.br\/en\/lawyers\/roland-hasson\/#primaryimage\"},\"thumbnailUrl\":\"https:\/\/hassonadvogados.com.br\/wp-content\/uploads\/2021\/11\/roland-cor-menor.jpg\",\"datePublished\":\"2021-11-01T15:40:48+00:00\",\"dateModified\":\"2024-03-05T18:49:14+00:00\",\"breadcrumb\":{\"@id\":\"https:\/\/hassonadvogados.com.br\/en\/lawyers\/roland-hasson\/#breadcrumb\"},\"inLanguage\":\"en-US\",\"potentialAction\":[{\"@type\":\"ReadAction\",\"target\":[\"https:\/\/hassonadvogados.com.br\/en\/lawyers\/roland-hasson\/\"]}]},{\"@type\":\"ImageObject\",\"inLanguage\":\"en-US\",\"@id\":\"https:\/\/hassonadvogados.com.br\/en\/lawyers\/roland-hasson\/#primaryimage\",\"url\":\"https:\/\/hassonadvogados.com.br\/wp-content\/uploads\/2021\/11\/roland-cor-menor.jpg\",\"contentUrl\":\"https:\/\/hassonadvogados.com.br\/wp-content\/uploads\/2021\/11\/roland-cor-menor.jpg\",\"width\":854,\"height\":1280},{\"@type\":\"BreadcrumbList\",\"@id\":\"https:\/\/hassonadvogados.com.br\/en\/lawyers\/roland-hasson\/#breadcrumb\",\"itemListElement\":[{\"@type\":\"ListItem\",\"position\":1,\"name\":\"In\u00edcio\",\"item\":\"https:\/\/hassonadvogados.com.br\/en\/\"},{\"@type\":\"ListItem\",\"position\":2,\"name\":\"Lawyers\",\"item\":\"https:\/\/hassonadvogados.com.br\/en\/lawyers\/\"},{\"@type\":\"ListItem\",\"position\":3,\"name\":\"Roland Hasson\"}]},{\"@type\":\"WebSite\",\"@id\":\"https:\/\/hassonadvogados.com.br\/#website\",\"url\":\"https:\/\/hassonadvogados.com.br\/\",\"name\":\"Hasson Advogados\",\"description\":\"\",\"publisher\":{\"@id\":\"https:\/\/hassonadvogados.com.br\/#organization\"},\"potentialAction\":[{\"@type\":\"SearchAction\",\"target\":{\"@type\":\"EntryPoint\",\"urlTemplate\":\"https:\/\/hassonadvogados.com.br\/?s={search_term_string}\"},\"query-input\":{\"@type\":\"PropertyValueSpecification\",\"valueRequired\":true,\"valueName\":\"search_term_string\"}}],\"inLanguage\":\"en-US\"},{\"@type\":\"Organization\",\"@id\":\"https:\/\/hassonadvogados.com.br\/#organization\",\"name\":\"Hasson Advogados\",\"url\":\"https:\/\/hassonadvogados.com.br\/\",\"logo\":{\"@type\":\"ImageObject\",\"inLanguage\":\"en-US\",\"@id\":\"https:\/\/hassonadvogados.com.br\/#\/schema\/logo\/image\/\",\"url\":\"https:\/\/hassonadvogados.com.br\/wp-content\/uploads\/2022\/07\/logo-hasson-azul.svg\",\"contentUrl\":\"https:\/\/hassonadvogados.com.br\/wp-content\/uploads\/2022\/07\/logo-hasson-azul.svg\",\"width\":1,\"height\":1,\"caption\":\"Hasson Advogados\"},\"image\":{\"@id\":\"https:\/\/hassonadvogados.com.br\/#\/schema\/logo\/image\/\"}}]}<\/script>\n<!-- \/ Yoast SEO plugin. -->","yoast_head_json":{"title":"Roland Hasson | Hasson Advogados","robots":{"index":"index","follow":"follow","max-snippet":"max-snippet:-1","max-image-preview":"max-image-preview:large","max-video-preview":"max-video-preview:-1"},"canonical":"https:\/\/hassonadvogados.com.br\/en\/lawyers\/roland-hasson\/","og_locale":"en_US","og_type":"article","og_title":"Roland Hasson | Hasson Advogados","og_description":"History He has published several books and articles in the areas of Labor Law and Labor Procedure Law, civil liability, and fundamental rights. He is part of the editorial board of the legal magazines Bonijuris, Juru\u00e1 Editora, Revista da Procuradoria Geral do Estado do Paran\u00e1, Revista Jurisvox, and Revista Direito do Estado em Debate. He [&hellip;]","og_url":"https:\/\/hassonadvogados.com.br\/en\/lawyers\/roland-hasson\/","og_site_name":"Hasson Advogados","article_modified_time":"2024-03-05T18:49:14+00:00","og_image":[{"width":854,"height":1280,"url":"https:\/\/hassonadvogados.com.br\/wp-content\/uploads\/2021\/11\/roland-cor-menor.jpg","type":"image\/jpeg"}],"twitter_card":"summary_large_image","twitter_misc":{"Est. reading time":"2 minutes","Written by":"javalidigital"},"schema":{"@context":"https:\/\/schema.org","@graph":[{"@type":"WebPage","@id":"https:\/\/hassonadvogados.com.br\/en\/lawyers\/roland-hasson\/","url":"https:\/\/hassonadvogados.com.br\/en\/lawyers\/roland-hasson\/","name":"Roland Hasson | Hasson Advogados","isPartOf":{"@id":"https:\/\/hassonadvogados.com.br\/#website"},"primaryImageOfPage":{"@id":"https:\/\/hassonadvogados.com.br\/en\/lawyers\/roland-hasson\/#primaryimage"},"image":{"@id":"https:\/\/hassonadvogados.com.br\/en\/lawyers\/roland-hasson\/#primaryimage"},"thumbnailUrl":"https:\/\/hassonadvogados.com.br\/wp-content\/uploads\/2021\/11\/roland-cor-menor.jpg","datePublished":"2021-11-01T15:40:48+00:00","dateModified":"2024-03-05T18:49:14+00:00","breadcrumb":{"@id":"https:\/\/hassonadvogados.com.br\/en\/lawyers\/roland-hasson\/#breadcrumb"},"inLanguage":"en-US","potentialAction":[{"@type":"ReadAction","target":["https:\/\/hassonadvogados.com.br\/en\/lawyers\/roland-hasson\/"]}]},{"@type":"ImageObject","inLanguage":"en-US","@id":"https:\/\/hassonadvogados.com.br\/en\/lawyers\/roland-hasson\/#primaryimage","url":"https:\/\/hassonadvogados.com.br\/wp-content\/uploads\/2021\/11\/roland-cor-menor.jpg","contentUrl":"https:\/\/hassonadvogados.com.br\/wp-content\/uploads\/2021\/11\/roland-cor-menor.jpg","width":854,"height":1280},{"@type":"BreadcrumbList","@id":"https:\/\/hassonadvogados.com.br\/en\/lawyers\/roland-hasson\/#breadcrumb","itemListElement":[{"@type":"ListItem","position":1,"name":"In\u00edcio","item":"https:\/\/hassonadvogados.com.br\/en\/"},{"@type":"ListItem","position":2,"name":"Lawyers","item":"https:\/\/hassonadvogados.com.br\/en\/lawyers\/"},{"@type":"ListItem","position":3,"name":"Roland Hasson"}]},{"@type":"WebSite","@id":"https:\/\/hassonadvogados.com.br\/#website","url":"https:\/\/hassonadvogados.com.br\/","name":"Hasson Advogados","description":"","publisher":{"@id":"https:\/\/hassonadvogados.com.br\/#organization"},"potentialAction":[{"@type":"SearchAction","target":{"@type":"EntryPoint","urlTemplate":"https:\/\/hassonadvogados.com.br\/?s={search_term_string}"},"query-input":{"@type":"PropertyValueSpecification","valueRequired":true,"valueName":"search_term_string"}}],"inLanguage":"en-US"},{"@type":"Organization","@id":"https:\/\/hassonadvogados.com.br\/#organization","name":"Hasson Advogados","url":"https:\/\/hassonadvogados.com.br\/","logo":{"@type":"ImageObject","inLanguage":"en-US","@id":"https:\/\/hassonadvogados.com.br\/#\/schema\/logo\/image\/","url":"https:\/\/hassonadvogados.com.br\/wp-content\/uploads\/2022\/07\/logo-hasson-azul.svg","contentUrl":"https:\/\/hassonadvogados.com.br\/wp-content\/uploads\/2022\/07\/logo-hasson-azul.svg","width":1,"height":1,"caption":"Hasson Advogados"},"image":{"@id":"https:\/\/hassonadvogados.com.br\/#\/schema\/logo\/image\/"}}]}},"_links":{"self":[{"href":"https:\/\/hassonadvogados.com.br\/en\/wp-json\/wp\/v2\/pages\/2393","targetHints":{"allow":["GET"]}}],"collection":[{"href":"https:\/\/hassonadvogados.com.br\/en\/wp-json\/wp\/v2\/pages"}],"about":[{"href":"https:\/\/hassonadvogados.com.br\/en\/wp-json\/wp\/v2\/types\/page"}],"author":[{"embeddable":true,"href":"https:\/\/hassonadvogados.com.br\/en\/wp-json\/wp\/v2\/users\/1"}],"replies":[{"embeddable":true,"href":"https:\/\/hassonadvogados.com.br\/en\/wp-json\/wp\/v2\/comments?post=2393"}],"version-history":[{"count":2,"href":"https:\/\/hassonadvogados.com.br\/en\/wp-json\/wp\/v2\/pages\/2393\/revisions"}],"predecessor-version":[{"id":2396,"href":"https:\/\/hassonadvogados.com.br\/en\/wp-json\/wp\/v2\/pages\/2393\/revisions\/2396"}],"up":[{"embeddable":true,"href":"https:\/\/hassonadvogados.com.br\/en\/wp-json\/wp\/v2\/pages\/2228"}],"wp:featuredmedia":[{"embeddable":true,"href":"https:\/\/hassonadvogados.com.br\/en\/wp-json\/wp\/v2\/media\/2111"}],"wp:attachment":[{"href":"https:\/\/hassonadvogados.com.br\/en\/wp-json\/wp\/v2\/media?parent=2393"}],"wp:term":[{"taxonomy":"author","embeddable":true,"href":"https:\/\/hassonadvogados.com.br\/en\/wp-json\/wp\/v2\/coauthors?post=2393"}],"curies":[{"name":"wp","href":"https:\/\/api.w.org\/{rel}","templated":true}]}}