{"id":2398,"date":"2021-11-01T17:34:17","date_gmt":"2021-11-01T20:34:17","guid":{"rendered":"https:\/\/hassonadvogados.com.br\/lawyers\/luciane-lazaretti-bosquiroli-bistafa\/"},"modified":"2022-07-22T15:31:41","modified_gmt":"2022-07-22T18:31:41","slug":"luciane-lazaretti-bosquiroli-bistafa","status":"publish","type":"page","link":"https:\/\/hassonadvogados.com.br\/en\/lawyers\/luciane-lazaretti-bosquiroli-bistafa\/","title":{"rendered":"Luciane Lazaretti Bosquiroli Bistafa"},"content":{"rendered":"<h4>History<\/h4>\n<p>Managing partner of Hasson Advogadas, where she has gathered all her professional experience throughout 34 years of law practice. Labor lawyer with expertise in the segments of Perfumery and Cosmetics, Franchising, Retailing and Automotive Industry.<\/p>\n<p>He is a Pro Bono advocate for a charity institution that has been running nursing homes for more than 15 years, and since the beginning of 2020 he has been participating in a Social Project in the capital city of Paran\u00e1, supplying sandwiches to several needy communities.<\/p>\n<h4>Training<\/h4>\n<ul>\n<li>Graduated in Law from the Federal University of Paran\u00e1.<\/li>\n<li>Specialist in Administrative Law from the Universit\u00e0 Degli Studi Di Roma &#8220;La Sapienza&#8221;.<\/li>\n<li>M.A. in Law from the Federal University of Santa Catarina.<\/li>\n<\/ul>\n<h4>Awards and recognition<\/h4>\n<ul>\n<li>She received nominations from An\u00e1lise Advocacia Magazine in the years 2017, 2020 and in the Magazine S\u00edntese Mulher of 2021, as one of the most admired lawyers in Brazil and Paran\u00e1 in the Perfumery and Cosmetics sector and in the Automotive and Auto Parts sector.<\/li>\n<\/ul>\n","protected":false},"excerpt":{"rendered":"<p>History Managing partner of Hasson Advogadas, where she has gathered all her professional experience throughout 34 years of law practice. Labor lawyer with expertise in the segments of Perfumery and Cosmetics, Franchising, Retailing and Automotive Industry. He is a Pro Bono advocate for a charity institution that has been running nursing homes for more than [&hellip;]<\/p>\n","protected":false},"author":1,"featured_media":2098,"parent":2228,"menu_order":35,"comment_status":"closed","ping_status":"closed","template":"template-perfil.php","meta":{"_acf_changed":false,"footnotes":""},"coauthors":[],"class_list":["post-2398","page","type-page","status-publish","has-post-thumbnail","hentry"],"acf":[],"yoast_head":"<!-- This site is optimized with the Yoast SEO plugin v24.3 - https:\/\/yoast.com\/wordpress\/plugins\/seo\/ -->\n<title>Luciane Lazaretti Bosquiroli Bistafa | Hasson Advogados<\/title>\n<meta name=\"robots\" content=\"index, follow, max-snippet:-1, max-image-preview:large, max-video-preview:-1\" \/>\n<link rel=\"canonical\" href=\"https:\/\/hassonadvogados.com.br\/en\/lawyers\/luciane-lazaretti-bosquiroli-bistafa\/\" \/>\n<meta property=\"og:locale\" content=\"en_US\" \/>\n<meta property=\"og:type\" content=\"article\" \/>\n<meta property=\"og:title\" content=\"Luciane Lazaretti Bosquiroli Bistafa | Hasson Advogados\" \/>\n<meta property=\"og:description\" content=\"History Managing partner of Hasson Advogadas, where she has gathered all her professional experience throughout 34 years of law practice. Labor lawyer with expertise in the segments of Perfumery and Cosmetics, Franchising, Retailing and Automotive Industry. He is a Pro Bono advocate for a charity institution that has been running nursing homes for more than [&hellip;]\" \/>\n<meta property=\"og:url\" content=\"https:\/\/hassonadvogados.com.br\/en\/lawyers\/luciane-lazaretti-bosquiroli-bistafa\/\" \/>\n<meta property=\"og:site_name\" content=\"Hasson Advogados\" \/>\n<meta property=\"article:modified_time\" content=\"2022-07-22T18:31:41+00:00\" \/>\n<meta property=\"og:image\" content=\"https:\/\/hassonadvogados.com.br\/wp-content\/uploads\/2022\/03\/luciane-cor-menor.jpg\" \/>\n\t<meta property=\"og:image:width\" content=\"854\" \/>\n\t<meta property=\"og:image:height\" content=\"1280\" \/>\n\t<meta property=\"og:image:type\" content=\"image\/jpeg\" \/>\n<meta name=\"twitter:card\" content=\"summary_large_image\" \/>\n<meta name=\"twitter:label1\" content=\"Est. reading time\" \/>\n\t<meta name=\"twitter:data1\" content=\"1 minute\" \/>\n\t<meta name=\"twitter:label2\" content=\"Written by\" \/>\n\t<meta name=\"twitter:data2\" content=\"javalidigital\" \/>\n<script type=\"application\/ld+json\" class=\"yoast-schema-graph\">{\"@context\":\"https:\/\/schema.org\",\"@graph\":[{\"@type\":\"WebPage\",\"@id\":\"https:\/\/hassonadvogados.com.br\/en\/lawyers\/luciane-lazaretti-bosquiroli-bistafa\/\",\"url\":\"https:\/\/hassonadvogados.com.br\/en\/lawyers\/luciane-lazaretti-bosquiroli-bistafa\/\",\"name\":\"Luciane Lazaretti Bosquiroli Bistafa | Hasson Advogados\",\"isPartOf\":{\"@id\":\"https:\/\/hassonadvogados.com.br\/#website\"},\"primaryImageOfPage\":{\"@id\":\"https:\/\/hassonadvogados.com.br\/en\/lawyers\/luciane-lazaretti-bosquiroli-bistafa\/#primaryimage\"},\"image\":{\"@id\":\"https:\/\/hassonadvogados.com.br\/en\/lawyers\/luciane-lazaretti-bosquiroli-bistafa\/#primaryimage\"},\"thumbnailUrl\":\"https:\/\/hassonadvogados.com.br\/wp-content\/uploads\/2022\/03\/luciane-cor-menor.jpg\",\"datePublished\":\"2021-11-01T20:34:17+00:00\",\"dateModified\":\"2022-07-22T18:31:41+00:00\",\"breadcrumb\":{\"@id\":\"https:\/\/hassonadvogados.com.br\/en\/lawyers\/luciane-lazaretti-bosquiroli-bistafa\/#breadcrumb\"},\"inLanguage\":\"en-US\",\"potentialAction\":[{\"@type\":\"ReadAction\",\"target\":[\"https:\/\/hassonadvogados.com.br\/en\/lawyers\/luciane-lazaretti-bosquiroli-bistafa\/\"]}]},{\"@type\":\"ImageObject\",\"inLanguage\":\"en-US\",\"@id\":\"https:\/\/hassonadvogados.com.br\/en\/lawyers\/luciane-lazaretti-bosquiroli-bistafa\/#primaryimage\",\"url\":\"https:\/\/hassonadvogados.com.br\/wp-content\/uploads\/2022\/03\/luciane-cor-menor.jpg\",\"contentUrl\":\"https:\/\/hassonadvogados.com.br\/wp-content\/uploads\/2022\/03\/luciane-cor-menor.jpg\",\"width\":854,\"height\":1280},{\"@type\":\"BreadcrumbList\",\"@id\":\"https:\/\/hassonadvogados.com.br\/en\/lawyers\/luciane-lazaretti-bosquiroli-bistafa\/#breadcrumb\",\"itemListElement\":[{\"@type\":\"ListItem\",\"position\":1,\"name\":\"In\u00edcio\",\"item\":\"https:\/\/hassonadvogados.com.br\/en\/\"},{\"@type\":\"ListItem\",\"position\":2,\"name\":\"Lawyers\",\"item\":\"https:\/\/hassonadvogados.com.br\/en\/lawyers\/\"},{\"@type\":\"ListItem\",\"position\":3,\"name\":\"Luciane Lazaretti Bosquiroli Bistafa\"}]},{\"@type\":\"WebSite\",\"@id\":\"https:\/\/hassonadvogados.com.br\/#website\",\"url\":\"https:\/\/hassonadvogados.com.br\/\",\"name\":\"Hasson Advogados\",\"description\":\"\",\"publisher\":{\"@id\":\"https:\/\/hassonadvogados.com.br\/#organization\"},\"potentialAction\":[{\"@type\":\"SearchAction\",\"target\":{\"@type\":\"EntryPoint\",\"urlTemplate\":\"https:\/\/hassonadvogados.com.br\/?s={search_term_string}\"},\"query-input\":{\"@type\":\"PropertyValueSpecification\",\"valueRequired\":true,\"valueName\":\"search_term_string\"}}],\"inLanguage\":\"en-US\"},{\"@type\":\"Organization\",\"@id\":\"https:\/\/hassonadvogados.com.br\/#organization\",\"name\":\"Hasson Advogados\",\"url\":\"https:\/\/hassonadvogados.com.br\/\",\"logo\":{\"@type\":\"ImageObject\",\"inLanguage\":\"en-US\",\"@id\":\"https:\/\/hassonadvogados.com.br\/#\/schema\/logo\/image\/\",\"url\":\"https:\/\/hassonadvogados.com.br\/wp-content\/uploads\/2022\/07\/logo-hasson-azul.svg\",\"contentUrl\":\"https:\/\/hassonadvogados.com.br\/wp-content\/uploads\/2022\/07\/logo-hasson-azul.svg\",\"width\":1,\"height\":1,\"caption\":\"Hasson Advogados\"},\"image\":{\"@id\":\"https:\/\/hassonadvogados.com.br\/#\/schema\/logo\/image\/\"}}]}<\/script>\n<!-- \/ Yoast SEO plugin. -->","yoast_head_json":{"title":"Luciane Lazaretti Bosquiroli Bistafa | Hasson Advogados","robots":{"index":"index","follow":"follow","max-snippet":"max-snippet:-1","max-image-preview":"max-image-preview:large","max-video-preview":"max-video-preview:-1"},"canonical":"https:\/\/hassonadvogados.com.br\/en\/lawyers\/luciane-lazaretti-bosquiroli-bistafa\/","og_locale":"en_US","og_type":"article","og_title":"Luciane Lazaretti Bosquiroli Bistafa | Hasson Advogados","og_description":"History Managing partner of Hasson Advogadas, where she has gathered all her professional experience throughout 34 years of law practice. Labor lawyer with expertise in the segments of Perfumery and Cosmetics, Franchising, Retailing and Automotive Industry. He is a Pro Bono advocate for a charity institution that has been running nursing homes for more than [&hellip;]","og_url":"https:\/\/hassonadvogados.com.br\/en\/lawyers\/luciane-lazaretti-bosquiroli-bistafa\/","og_site_name":"Hasson Advogados","article_modified_time":"2022-07-22T18:31:41+00:00","og_image":[{"width":854,"height":1280,"url":"https:\/\/hassonadvogados.com.br\/wp-content\/uploads\/2022\/03\/luciane-cor-menor.jpg","type":"image\/jpeg"}],"twitter_card":"summary_large_image","twitter_misc":{"Est. reading time":"1 minute","Written by":"javalidigital"},"schema":{"@context":"https:\/\/schema.org","@graph":[{"@type":"WebPage","@id":"https:\/\/hassonadvogados.com.br\/en\/lawyers\/luciane-lazaretti-bosquiroli-bistafa\/","url":"https:\/\/hassonadvogados.com.br\/en\/lawyers\/luciane-lazaretti-bosquiroli-bistafa\/","name":"Luciane Lazaretti Bosquiroli Bistafa | Hasson Advogados","isPartOf":{"@id":"https:\/\/hassonadvogados.com.br\/#website"},"primaryImageOfPage":{"@id":"https:\/\/hassonadvogados.com.br\/en\/lawyers\/luciane-lazaretti-bosquiroli-bistafa\/#primaryimage"},"image":{"@id":"https:\/\/hassonadvogados.com.br\/en\/lawyers\/luciane-lazaretti-bosquiroli-bistafa\/#primaryimage"},"thumbnailUrl":"https:\/\/hassonadvogados.com.br\/wp-content\/uploads\/2022\/03\/luciane-cor-menor.jpg","datePublished":"2021-11-01T20:34:17+00:00","dateModified":"2022-07-22T18:31:41+00:00","breadcrumb":{"@id":"https:\/\/hassonadvogados.com.br\/en\/lawyers\/luciane-lazaretti-bosquiroli-bistafa\/#breadcrumb"},"inLanguage":"en-US","potentialAction":[{"@type":"ReadAction","target":["https:\/\/hassonadvogados.com.br\/en\/lawyers\/luciane-lazaretti-bosquiroli-bistafa\/"]}]},{"@type":"ImageObject","inLanguage":"en-US","@id":"https:\/\/hassonadvogados.com.br\/en\/lawyers\/luciane-lazaretti-bosquiroli-bistafa\/#primaryimage","url":"https:\/\/hassonadvogados.com.br\/wp-content\/uploads\/2022\/03\/luciane-cor-menor.jpg","contentUrl":"https:\/\/hassonadvogados.com.br\/wp-content\/uploads\/2022\/03\/luciane-cor-menor.jpg","width":854,"height":1280},{"@type":"BreadcrumbList","@id":"https:\/\/hassonadvogados.com.br\/en\/lawyers\/luciane-lazaretti-bosquiroli-bistafa\/#breadcrumb","itemListElement":[{"@type":"ListItem","position":1,"name":"In\u00edcio","item":"https:\/\/hassonadvogados.com.br\/en\/"},{"@type":"ListItem","position":2,"name":"Lawyers","item":"https:\/\/hassonadvogados.com.br\/en\/lawyers\/"},{"@type":"ListItem","position":3,"name":"Luciane Lazaretti Bosquiroli Bistafa"}]},{"@type":"WebSite","@id":"https:\/\/hassonadvogados.com.br\/#website","url":"https:\/\/hassonadvogados.com.br\/","name":"Hasson Advogados","description":"","publisher":{"@id":"https:\/\/hassonadvogados.com.br\/#organization"},"potentialAction":[{"@type":"SearchAction","target":{"@type":"EntryPoint","urlTemplate":"https:\/\/hassonadvogados.com.br\/?s={search_term_string}"},"query-input":{"@type":"PropertyValueSpecification","valueRequired":true,"valueName":"search_term_string"}}],"inLanguage":"en-US"},{"@type":"Organization","@id":"https:\/\/hassonadvogados.com.br\/#organization","name":"Hasson Advogados","url":"https:\/\/hassonadvogados.com.br\/","logo":{"@type":"ImageObject","inLanguage":"en-US","@id":"https:\/\/hassonadvogados.com.br\/#\/schema\/logo\/image\/","url":"https:\/\/hassonadvogados.com.br\/wp-content\/uploads\/2022\/07\/logo-hasson-azul.svg","contentUrl":"https:\/\/hassonadvogados.com.br\/wp-content\/uploads\/2022\/07\/logo-hasson-azul.svg","width":1,"height":1,"caption":"Hasson Advogados"},"image":{"@id":"https:\/\/hassonadvogados.com.br\/#\/schema\/logo\/image\/"}}]}},"_links":{"self":[{"href":"https:\/\/hassonadvogados.com.br\/en\/wp-json\/wp\/v2\/pages\/2398","targetHints":{"allow":["GET"]}}],"collection":[{"href":"https:\/\/hassonadvogados.com.br\/en\/wp-json\/wp\/v2\/pages"}],"about":[{"href":"https:\/\/hassonadvogados.com.br\/en\/wp-json\/wp\/v2\/types\/page"}],"author":[{"embeddable":true,"href":"https:\/\/hassonadvogados.com.br\/en\/wp-json\/wp\/v2\/users\/1"}],"replies":[{"embeddable":true,"href":"https:\/\/hassonadvogados.com.br\/en\/wp-json\/wp\/v2\/comments?post=2398"}],"version-history":[{"count":2,"href":"https:\/\/hassonadvogados.com.br\/en\/wp-json\/wp\/v2\/pages\/2398\/revisions"}],"predecessor-version":[{"id":2400,"href":"https:\/\/hassonadvogados.com.br\/en\/wp-json\/wp\/v2\/pages\/2398\/revisions\/2400"}],"up":[{"embeddable":true,"href":"https:\/\/hassonadvogados.com.br\/en\/wp-json\/wp\/v2\/pages\/2228"}],"wp:featuredmedia":[{"embeddable":true,"href":"https:\/\/hassonadvogados.com.br\/en\/wp-json\/wp\/v2\/media\/2098"}],"wp:attachment":[{"href":"https:\/\/hassonadvogados.com.br\/en\/wp-json\/wp\/v2\/media?parent=2398"}],"wp:term":[{"taxonomy":"author","embeddable":true,"href":"https:\/\/hassonadvogados.com.br\/en\/wp-json\/wp\/v2\/coauthors?post=2398"}],"curies":[{"name":"wp","href":"https:\/\/api.w.org\/{rel}","templated":true}]}}