{"id":2405,"date":"2021-11-01T17:34:25","date_gmt":"2021-11-01T20:34:25","guid":{"rendered":"https:\/\/hassonadvogados.com.br\/lawyers\/rosine-hasson-marques\/"},"modified":"2022-07-22T15:41:18","modified_gmt":"2022-07-22T18:41:18","slug":"rosine-hasson-marques","status":"publish","type":"page","link":"https:\/\/hassonadvogados.com.br\/en\/lawyers\/rosine-hasson-marques\/","title":{"rendered":"Rosine Hasson Marques"},"content":{"rendered":"<h4>History<\/h4>\n<p>Attorney Partner, responsible for management and legal operation since 2013.<\/p>\n<p>She started as a trainee in 2006 and has built her career in several areas of the firm, focusing mainly on labor and consumer relations.<\/p>\n<p>It acts strongly against predatory advocacy, establishing strategies between crafting theses and institutional relationships with the courts, intelligence centers, and OAB.<\/p>\n<p>Its performance stands out in meeting demands related to the telecommunications and urban transport segments.<\/p>\n<p>In addition to management and advocacy, she has voluntarily served as president of the Salom\u00e3o Guelmann Brazilian Israelite School, as well as Director of Jewish Studies and Culture at Kehil\u00e1 do Paran\u00e1 from June 2017 to June 2020, where she played a role in community leadership and educational management.<\/p>\n<p>In academia and research he develops his true passion for teaching and learning.<\/p>\n<h4>Additional Information<\/h4>\n<ul>\n<li>PhD student in Administration in the research line Strategies in Organizations at PUC-PR.<\/li>\n<li>Lab on labor issues in M&amp;A transactions. ALLEZ-Y, Brazil.<\/li>\n<li>MBA in Management and Business Law at FGV.<\/li>\n<li>Master in Human Rights and Democracy from UFPR.<\/li>\n<li>Graduated in Law from PUC-PR.<\/li>\n<\/ul>\n<h4>Awards and Titles<\/h4>\n<ul>\n<li>TOP 100 MOST DIGITAL LAWYERS IN BRAZIL, ADVBOX.<\/li>\n<li>FELLOW PAUL HARRIS, ROTARY CLUB OF CURITIBA.<\/li>\n<\/ul>\n<h4>Publications<\/h4>\n<ul>\n<li><strong>MARQUES, ROSINE HASSON; <\/strong>HASSON, F. (Org.) ; HASSON, R. (Org.) ; MARTINS, A. C. (Org.) ; BARROS, A. D. (Org.) ; JACQUES, A. S. (Org.) ; FERREIRA, C. S. M. (Org.) ; BARRY, F. P. (Org.) ; SIMAO, I. C. (Org.) ; LIMA, L. P. B. (Org.) ; GUIMARAES, M. A. (Org.) ; STUDZINSKI, M. G. K. (Org.) ; DALLABRIDA, M. Y. (Org.) ; KOVALESKI, T. M. (Org.) . Contemporary Law: Collection of Hasson &amp; Lawyers Articles. 1. ed. Curitiba: Juru\u00e1, 2022. v. 1. 140p.<\/li>\n<li><strong>MARQUES, ROSINE HASSON<\/strong>. The Psychic Diseases Generated in the Work Environment of the Elementary School Teacher. 1. ed. Curitiba: Memory Institute, 2018. v. 1. 128p.<\/li>\n<li><strong>MARQUES, ROSINE HASSON<\/strong>. Digital Transformation and the VUCA World. In: Rosine Hasson Marques; Felipe Hassin. (Org.). Contemporary Law: Collection of Hasson &amp; Lawyers Articles. 1ed.Curitiba: Juru\u00e1, 2022, v. 1, p. 7-140.<\/li>\n<li><strong>MARQUES, ROSINE HASSON<\/strong>; HASSON, R. . WOMEN&#8217;S WORK AND AFFIRMATIVE ACTION. In: JOUBERTO DE QUADROS PESSOA CAVALCANTE; MARCO ANT\u00d4NIO C\u00c9SAR VILLATORE. (Org.). CLT 70 YEARS OF CONSOLIDATION A SOCIAL, ECONOMIC AND LEGAL REFLECTION. 1ed.S\u00c3O PAULO: ATLAS, 2013, v. 1, p. 161-170.<\/li>\n<li><strong>MARQUES, ROSINE HASSON<\/strong>; HASSON, R. . THE PRINCIPLE OF REASONABLE DURATION OF THE PROCESS AND ITS REFLEXES ON THE LABOR PROCESS. REVISTA ANUAL DA ASSOCIA\u00c7\u00c3O DOS ADVOGADOS LABORHISTAS DO PARAN\u00c1, AATPR, p. 37 &#8211; 39, 17 Nov. 2015.<\/li>\n<li><strong>MARQUES, ROSINE HASSON<\/strong>; HASSON, R. . WORKER DIGNITY IN COLLECTIVE DISMISSALS. In: XIX SEMIC, 2011, CURITIBA. XIX SEMIC RESEARCH THAT WILL INFLUENCE THE WORLD, 2011.<\/li>\n<li><strong>HASSON<\/strong>, R. . THE REPERCUSSION OF NEOLIBERALISM ON LABOR LAW: FLEXIBILIZATION AND HISTORICAL REGRESSION. In: XVIII SEMIC &#8211; SCIENTIFIC INITIATION SEMINAR, 2010, CURITIBA. Book of Abstracts of the XVIII Scientific Initiation Seminar of the Pontifical Catholic University of Paran\u00e1. CURITIBA: CHAMPAGNAT, 2010. v. 0. p. 248-249.<\/li>\n<\/ul>\n","protected":false},"excerpt":{"rendered":"<p>History Attorney Partner, responsible for management and legal operation since 2013. She started as a trainee in 2006 and has built her career in several areas of the firm, focusing mainly on labor and consumer relations. It acts strongly against predatory advocacy, establishing strategies between crafting theses and institutional relationships with the courts, intelligence centers, [&hellip;]<\/p>\n","protected":false},"author":1,"featured_media":2099,"parent":2228,"menu_order":44,"comment_status":"closed","ping_status":"closed","template":"template-perfil.php","meta":{"_acf_changed":false,"footnotes":""},"coauthors":[],"class_list":["post-2405","page","type-page","status-publish","has-post-thumbnail","hentry"],"acf":[],"yoast_head":"<!-- This site is optimized with the Yoast SEO plugin v24.3 - https:\/\/yoast.com\/wordpress\/plugins\/seo\/ -->\n<title>Rosine Hasson Marques | Hasson Advogados<\/title>\n<meta name=\"robots\" content=\"index, follow, max-snippet:-1, max-image-preview:large, max-video-preview:-1\" \/>\n<link rel=\"canonical\" href=\"https:\/\/hassonadvogados.com.br\/en\/lawyers\/rosine-hasson-marques\/\" \/>\n<meta property=\"og:locale\" content=\"en_US\" \/>\n<meta property=\"og:type\" content=\"article\" \/>\n<meta property=\"og:title\" content=\"Rosine Hasson Marques | Hasson Advogados\" \/>\n<meta property=\"og:description\" content=\"History Attorney Partner, responsible for management and legal operation since 2013. She started as a trainee in 2006 and has built her career in several areas of the firm, focusing mainly on labor and consumer relations. It acts strongly against predatory advocacy, establishing strategies between crafting theses and institutional relationships with the courts, intelligence centers, [&hellip;]\" \/>\n<meta property=\"og:url\" content=\"https:\/\/hassonadvogados.com.br\/en\/lawyers\/rosine-hasson-marques\/\" \/>\n<meta property=\"og:site_name\" content=\"Hasson Advogados\" \/>\n<meta property=\"article:modified_time\" content=\"2022-07-22T18:41:18+00:00\" \/>\n<meta property=\"og:image\" content=\"https:\/\/hassonadvogados.com.br\/wp-content\/uploads\/2022\/03\/rosiane-cor-menor.jpg\" \/>\n\t<meta property=\"og:image:width\" content=\"854\" \/>\n\t<meta property=\"og:image:height\" content=\"1280\" \/>\n\t<meta property=\"og:image:type\" content=\"image\/jpeg\" \/>\n<meta name=\"twitter:card\" content=\"summary_large_image\" \/>\n<meta name=\"twitter:label1\" content=\"Est. reading time\" \/>\n\t<meta name=\"twitter:data1\" content=\"2 minutes\" \/>\n\t<meta name=\"twitter:label2\" content=\"Written by\" \/>\n\t<meta name=\"twitter:data2\" content=\"javalidigital\" \/>\n<script type=\"application\/ld+json\" class=\"yoast-schema-graph\">{\"@context\":\"https:\/\/schema.org\",\"@graph\":[{\"@type\":\"WebPage\",\"@id\":\"https:\/\/hassonadvogados.com.br\/en\/lawyers\/rosine-hasson-marques\/\",\"url\":\"https:\/\/hassonadvogados.com.br\/en\/lawyers\/rosine-hasson-marques\/\",\"name\":\"Rosine Hasson Marques | Hasson Advogados\",\"isPartOf\":{\"@id\":\"https:\/\/hassonadvogados.com.br\/#website\"},\"primaryImageOfPage\":{\"@id\":\"https:\/\/hassonadvogados.com.br\/en\/lawyers\/rosine-hasson-marques\/#primaryimage\"},\"image\":{\"@id\":\"https:\/\/hassonadvogados.com.br\/en\/lawyers\/rosine-hasson-marques\/#primaryimage\"},\"thumbnailUrl\":\"https:\/\/hassonadvogados.com.br\/wp-content\/uploads\/2022\/03\/rosiane-cor-menor.jpg\",\"datePublished\":\"2021-11-01T20:34:25+00:00\",\"dateModified\":\"2022-07-22T18:41:18+00:00\",\"breadcrumb\":{\"@id\":\"https:\/\/hassonadvogados.com.br\/en\/lawyers\/rosine-hasson-marques\/#breadcrumb\"},\"inLanguage\":\"en-US\",\"potentialAction\":[{\"@type\":\"ReadAction\",\"target\":[\"https:\/\/hassonadvogados.com.br\/en\/lawyers\/rosine-hasson-marques\/\"]}]},{\"@type\":\"ImageObject\",\"inLanguage\":\"en-US\",\"@id\":\"https:\/\/hassonadvogados.com.br\/en\/lawyers\/rosine-hasson-marques\/#primaryimage\",\"url\":\"https:\/\/hassonadvogados.com.br\/wp-content\/uploads\/2022\/03\/rosiane-cor-menor.jpg\",\"contentUrl\":\"https:\/\/hassonadvogados.com.br\/wp-content\/uploads\/2022\/03\/rosiane-cor-menor.jpg\",\"width\":854,\"height\":1280},{\"@type\":\"BreadcrumbList\",\"@id\":\"https:\/\/hassonadvogados.com.br\/en\/lawyers\/rosine-hasson-marques\/#breadcrumb\",\"itemListElement\":[{\"@type\":\"ListItem\",\"position\":1,\"name\":\"In\u00edcio\",\"item\":\"https:\/\/hassonadvogados.com.br\/en\/\"},{\"@type\":\"ListItem\",\"position\":2,\"name\":\"Lawyers\",\"item\":\"https:\/\/hassonadvogados.com.br\/en\/lawyers\/\"},{\"@type\":\"ListItem\",\"position\":3,\"name\":\"Rosine Hasson Marques\"}]},{\"@type\":\"WebSite\",\"@id\":\"https:\/\/hassonadvogados.com.br\/#website\",\"url\":\"https:\/\/hassonadvogados.com.br\/\",\"name\":\"Hasson Advogados\",\"description\":\"\",\"publisher\":{\"@id\":\"https:\/\/hassonadvogados.com.br\/#organization\"},\"potentialAction\":[{\"@type\":\"SearchAction\",\"target\":{\"@type\":\"EntryPoint\",\"urlTemplate\":\"https:\/\/hassonadvogados.com.br\/?s={search_term_string}\"},\"query-input\":{\"@type\":\"PropertyValueSpecification\",\"valueRequired\":true,\"valueName\":\"search_term_string\"}}],\"inLanguage\":\"en-US\"},{\"@type\":\"Organization\",\"@id\":\"https:\/\/hassonadvogados.com.br\/#organization\",\"name\":\"Hasson Advogados\",\"url\":\"https:\/\/hassonadvogados.com.br\/\",\"logo\":{\"@type\":\"ImageObject\",\"inLanguage\":\"en-US\",\"@id\":\"https:\/\/hassonadvogados.com.br\/#\/schema\/logo\/image\/\",\"url\":\"https:\/\/hassonadvogados.com.br\/wp-content\/uploads\/2022\/07\/logo-hasson-azul.svg\",\"contentUrl\":\"https:\/\/hassonadvogados.com.br\/wp-content\/uploads\/2022\/07\/logo-hasson-azul.svg\",\"width\":1,\"height\":1,\"caption\":\"Hasson Advogados\"},\"image\":{\"@id\":\"https:\/\/hassonadvogados.com.br\/#\/schema\/logo\/image\/\"}}]}<\/script>\n<!-- \/ Yoast SEO plugin. -->","yoast_head_json":{"title":"Rosine Hasson Marques | Hasson Advogados","robots":{"index":"index","follow":"follow","max-snippet":"max-snippet:-1","max-image-preview":"max-image-preview:large","max-video-preview":"max-video-preview:-1"},"canonical":"https:\/\/hassonadvogados.com.br\/en\/lawyers\/rosine-hasson-marques\/","og_locale":"en_US","og_type":"article","og_title":"Rosine Hasson Marques | Hasson Advogados","og_description":"History Attorney Partner, responsible for management and legal operation since 2013. She started as a trainee in 2006 and has built her career in several areas of the firm, focusing mainly on labor and consumer relations. It acts strongly against predatory advocacy, establishing strategies between crafting theses and institutional relationships with the courts, intelligence centers, [&hellip;]","og_url":"https:\/\/hassonadvogados.com.br\/en\/lawyers\/rosine-hasson-marques\/","og_site_name":"Hasson Advogados","article_modified_time":"2022-07-22T18:41:18+00:00","og_image":[{"width":854,"height":1280,"url":"https:\/\/hassonadvogados.com.br\/wp-content\/uploads\/2022\/03\/rosiane-cor-menor.jpg","type":"image\/jpeg"}],"twitter_card":"summary_large_image","twitter_misc":{"Est. reading time":"2 minutes","Written by":"javalidigital"},"schema":{"@context":"https:\/\/schema.org","@graph":[{"@type":"WebPage","@id":"https:\/\/hassonadvogados.com.br\/en\/lawyers\/rosine-hasson-marques\/","url":"https:\/\/hassonadvogados.com.br\/en\/lawyers\/rosine-hasson-marques\/","name":"Rosine Hasson Marques | Hasson Advogados","isPartOf":{"@id":"https:\/\/hassonadvogados.com.br\/#website"},"primaryImageOfPage":{"@id":"https:\/\/hassonadvogados.com.br\/en\/lawyers\/rosine-hasson-marques\/#primaryimage"},"image":{"@id":"https:\/\/hassonadvogados.com.br\/en\/lawyers\/rosine-hasson-marques\/#primaryimage"},"thumbnailUrl":"https:\/\/hassonadvogados.com.br\/wp-content\/uploads\/2022\/03\/rosiane-cor-menor.jpg","datePublished":"2021-11-01T20:34:25+00:00","dateModified":"2022-07-22T18:41:18+00:00","breadcrumb":{"@id":"https:\/\/hassonadvogados.com.br\/en\/lawyers\/rosine-hasson-marques\/#breadcrumb"},"inLanguage":"en-US","potentialAction":[{"@type":"ReadAction","target":["https:\/\/hassonadvogados.com.br\/en\/lawyers\/rosine-hasson-marques\/"]}]},{"@type":"ImageObject","inLanguage":"en-US","@id":"https:\/\/hassonadvogados.com.br\/en\/lawyers\/rosine-hasson-marques\/#primaryimage","url":"https:\/\/hassonadvogados.com.br\/wp-content\/uploads\/2022\/03\/rosiane-cor-menor.jpg","contentUrl":"https:\/\/hassonadvogados.com.br\/wp-content\/uploads\/2022\/03\/rosiane-cor-menor.jpg","width":854,"height":1280},{"@type":"BreadcrumbList","@id":"https:\/\/hassonadvogados.com.br\/en\/lawyers\/rosine-hasson-marques\/#breadcrumb","itemListElement":[{"@type":"ListItem","position":1,"name":"In\u00edcio","item":"https:\/\/hassonadvogados.com.br\/en\/"},{"@type":"ListItem","position":2,"name":"Lawyers","item":"https:\/\/hassonadvogados.com.br\/en\/lawyers\/"},{"@type":"ListItem","position":3,"name":"Rosine Hasson Marques"}]},{"@type":"WebSite","@id":"https:\/\/hassonadvogados.com.br\/#website","url":"https:\/\/hassonadvogados.com.br\/","name":"Hasson Advogados","description":"","publisher":{"@id":"https:\/\/hassonadvogados.com.br\/#organization"},"potentialAction":[{"@type":"SearchAction","target":{"@type":"EntryPoint","urlTemplate":"https:\/\/hassonadvogados.com.br\/?s={search_term_string}"},"query-input":{"@type":"PropertyValueSpecification","valueRequired":true,"valueName":"search_term_string"}}],"inLanguage":"en-US"},{"@type":"Organization","@id":"https:\/\/hassonadvogados.com.br\/#organization","name":"Hasson Advogados","url":"https:\/\/hassonadvogados.com.br\/","logo":{"@type":"ImageObject","inLanguage":"en-US","@id":"https:\/\/hassonadvogados.com.br\/#\/schema\/logo\/image\/","url":"https:\/\/hassonadvogados.com.br\/wp-content\/uploads\/2022\/07\/logo-hasson-azul.svg","contentUrl":"https:\/\/hassonadvogados.com.br\/wp-content\/uploads\/2022\/07\/logo-hasson-azul.svg","width":1,"height":1,"caption":"Hasson Advogados"},"image":{"@id":"https:\/\/hassonadvogados.com.br\/#\/schema\/logo\/image\/"}}]}},"_links":{"self":[{"href":"https:\/\/hassonadvogados.com.br\/en\/wp-json\/wp\/v2\/pages\/2405","targetHints":{"allow":["GET"]}}],"collection":[{"href":"https:\/\/hassonadvogados.com.br\/en\/wp-json\/wp\/v2\/pages"}],"about":[{"href":"https:\/\/hassonadvogados.com.br\/en\/wp-json\/wp\/v2\/types\/page"}],"author":[{"embeddable":true,"href":"https:\/\/hassonadvogados.com.br\/en\/wp-json\/wp\/v2\/users\/1"}],"replies":[{"embeddable":true,"href":"https:\/\/hassonadvogados.com.br\/en\/wp-json\/wp\/v2\/comments?post=2405"}],"version-history":[{"count":1,"href":"https:\/\/hassonadvogados.com.br\/en\/wp-json\/wp\/v2\/pages\/2405\/revisions"}],"predecessor-version":[{"id":2406,"href":"https:\/\/hassonadvogados.com.br\/en\/wp-json\/wp\/v2\/pages\/2405\/revisions\/2406"}],"up":[{"embeddable":true,"href":"https:\/\/hassonadvogados.com.br\/en\/wp-json\/wp\/v2\/pages\/2228"}],"wp:featuredmedia":[{"embeddable":true,"href":"https:\/\/hassonadvogados.com.br\/en\/wp-json\/wp\/v2\/media\/2099"}],"wp:attachment":[{"href":"https:\/\/hassonadvogados.com.br\/en\/wp-json\/wp\/v2\/media?parent=2405"}],"wp:term":[{"taxonomy":"author","embeddable":true,"href":"https:\/\/hassonadvogados.com.br\/en\/wp-json\/wp\/v2\/coauthors?post=2405"}],"curies":[{"name":"wp","href":"https:\/\/api.w.org\/{rel}","templated":true}]}}