{"id":2409,"date":"2021-11-01T17:34:53","date_gmt":"2021-11-01T20:34:53","guid":{"rendered":"https:\/\/hassonadvogados.com.br\/lawyers\/joel-berto\/"},"modified":"2021-11-01T17:34:53","modified_gmt":"2021-11-01T20:34:53","slug":"joel-berto","status":"publish","type":"page","link":"https:\/\/hassonadvogados.com.br\/en\/lawyers\/joel-berto\/","title":{"rendered":"Joel Berto"},"content":{"rendered":"<h4>History<\/h4>\n<p>Lawyer active in the prevention and reduction of legal claims, with extensive experience in business consulting and advisory, drafting and reviewing contracts, consulting and legal advice involving interaction of employees and managers with a focus on improving the quality of work and increasing revenue.<\/p>\n<p>Focused on interpersonal relationships of employees and managers, with free transit and easy access in the judiciary and private legal environment.<\/p>\n<p>A staunch defender of equality and respect among people, freedom of expression and ideological options, respect for the environment, and sustainable growth. Active member of CAEP &#8211; Council of Parochial Economic Affairs of the Senhor Bom Jesus Shrine in Campo Largo\/PR.<\/p>\n<p>He is passionate about soccer, loves the rural environment, and is always up for a gathering of friends with a good barbecue.<\/p>\n<h4>Training<\/h4>\n<ul>\n<li>Degree in Philosophy from the Padre Jo\u00e3o Bagozzi Faculty.<\/li>\n<li>Bachelor&#8217;s degree in Law from the Pontif\u00edcia Universidade Cat\u00f3lica do Paran\u00e1.<\/li>\n<li>Graduated in Philosophy from the Vincentian Faculty of Philosophy.<\/li>\n<\/ul>\n","protected":false},"excerpt":{"rendered":"<p>History Lawyer active in the prevention and reduction of legal claims, with extensive experience in business consulting and advisory, drafting and reviewing contracts, consulting and legal advice involving interaction of employees and managers with a focus on improving the quality of work and increasing revenue. Focused on interpersonal relationships of employees and managers, with free [&hellip;]<\/p>\n","protected":false},"author":1,"featured_media":2101,"parent":2228,"menu_order":49,"comment_status":"closed","ping_status":"closed","template":"template-perfil.php","meta":{"_acf_changed":false,"footnotes":""},"coauthors":[],"class_list":["post-2409","page","type-page","status-publish","has-post-thumbnail","hentry"],"acf":[],"yoast_head":"<!-- This site is optimized with the Yoast SEO plugin v24.3 - https:\/\/yoast.com\/wordpress\/plugins\/seo\/ -->\n<title>Joel Berto | Hasson Advogados<\/title>\n<meta name=\"robots\" content=\"index, follow, max-snippet:-1, max-image-preview:large, max-video-preview:-1\" \/>\n<link rel=\"canonical\" href=\"https:\/\/hassonadvogados.com.br\/en\/lawyers\/joel-berto\/\" \/>\n<meta property=\"og:locale\" content=\"en_US\" \/>\n<meta property=\"og:type\" content=\"article\" \/>\n<meta property=\"og:title\" content=\"Joel Berto | Hasson Advogados\" \/>\n<meta property=\"og:description\" content=\"History Lawyer active in the prevention and reduction of legal claims, with extensive experience in business consulting and advisory, drafting and reviewing contracts, consulting and legal advice involving interaction of employees and managers with a focus on improving the quality of work and increasing revenue. Focused on interpersonal relationships of employees and managers, with free [&hellip;]\" \/>\n<meta property=\"og:url\" content=\"https:\/\/hassonadvogados.com.br\/en\/lawyers\/joel-berto\/\" \/>\n<meta property=\"og:site_name\" content=\"Hasson Advogados\" \/>\n<meta property=\"og:image\" content=\"https:\/\/hassonadvogados.com.br\/wp-content\/uploads\/2022\/03\/joel-cor-menor.jpg\" \/>\n\t<meta property=\"og:image:width\" content=\"854\" \/>\n\t<meta property=\"og:image:height\" content=\"1280\" \/>\n\t<meta property=\"og:image:type\" content=\"image\/jpeg\" \/>\n<meta name=\"twitter:card\" content=\"summary_large_image\" \/>\n<meta name=\"twitter:label1\" content=\"Est. reading time\" \/>\n\t<meta name=\"twitter:data1\" content=\"1 minute\" \/>\n\t<meta name=\"twitter:label2\" content=\"Written by\" \/>\n\t<meta name=\"twitter:data2\" content=\"javalidigital\" \/>\n<script type=\"application\/ld+json\" class=\"yoast-schema-graph\">{\"@context\":\"https:\/\/schema.org\",\"@graph\":[{\"@type\":\"WebPage\",\"@id\":\"https:\/\/hassonadvogados.com.br\/en\/lawyers\/joel-berto\/\",\"url\":\"https:\/\/hassonadvogados.com.br\/en\/lawyers\/joel-berto\/\",\"name\":\"Joel Berto | Hasson Advogados\",\"isPartOf\":{\"@id\":\"https:\/\/hassonadvogados.com.br\/#website\"},\"primaryImageOfPage\":{\"@id\":\"https:\/\/hassonadvogados.com.br\/en\/lawyers\/joel-berto\/#primaryimage\"},\"image\":{\"@id\":\"https:\/\/hassonadvogados.com.br\/en\/lawyers\/joel-berto\/#primaryimage\"},\"thumbnailUrl\":\"https:\/\/hassonadvogados.com.br\/wp-content\/uploads\/2022\/03\/joel-cor-menor.jpg\",\"datePublished\":\"2021-11-01T20:34:53+00:00\",\"dateModified\":\"2021-11-01T20:34:53+00:00\",\"breadcrumb\":{\"@id\":\"https:\/\/hassonadvogados.com.br\/en\/lawyers\/joel-berto\/#breadcrumb\"},\"inLanguage\":\"en-US\",\"potentialAction\":[{\"@type\":\"ReadAction\",\"target\":[\"https:\/\/hassonadvogados.com.br\/en\/lawyers\/joel-berto\/\"]}]},{\"@type\":\"ImageObject\",\"inLanguage\":\"en-US\",\"@id\":\"https:\/\/hassonadvogados.com.br\/en\/lawyers\/joel-berto\/#primaryimage\",\"url\":\"https:\/\/hassonadvogados.com.br\/wp-content\/uploads\/2022\/03\/joel-cor-menor.jpg\",\"contentUrl\":\"https:\/\/hassonadvogados.com.br\/wp-content\/uploads\/2022\/03\/joel-cor-menor.jpg\",\"width\":854,\"height\":1280},{\"@type\":\"BreadcrumbList\",\"@id\":\"https:\/\/hassonadvogados.com.br\/en\/lawyers\/joel-berto\/#breadcrumb\",\"itemListElement\":[{\"@type\":\"ListItem\",\"position\":1,\"name\":\"In\u00edcio\",\"item\":\"https:\/\/hassonadvogados.com.br\/en\/\"},{\"@type\":\"ListItem\",\"position\":2,\"name\":\"Lawyers\",\"item\":\"https:\/\/hassonadvogados.com.br\/en\/lawyers\/\"},{\"@type\":\"ListItem\",\"position\":3,\"name\":\"Joel Berto\"}]},{\"@type\":\"WebSite\",\"@id\":\"https:\/\/hassonadvogados.com.br\/#website\",\"url\":\"https:\/\/hassonadvogados.com.br\/\",\"name\":\"Hasson Advogados\",\"description\":\"\",\"publisher\":{\"@id\":\"https:\/\/hassonadvogados.com.br\/#organization\"},\"potentialAction\":[{\"@type\":\"SearchAction\",\"target\":{\"@type\":\"EntryPoint\",\"urlTemplate\":\"https:\/\/hassonadvogados.com.br\/?s={search_term_string}\"},\"query-input\":{\"@type\":\"PropertyValueSpecification\",\"valueRequired\":true,\"valueName\":\"search_term_string\"}}],\"inLanguage\":\"en-US\"},{\"@type\":\"Organization\",\"@id\":\"https:\/\/hassonadvogados.com.br\/#organization\",\"name\":\"Hasson Advogados\",\"url\":\"https:\/\/hassonadvogados.com.br\/\",\"logo\":{\"@type\":\"ImageObject\",\"inLanguage\":\"en-US\",\"@id\":\"https:\/\/hassonadvogados.com.br\/#\/schema\/logo\/image\/\",\"url\":\"https:\/\/hassonadvogados.com.br\/wp-content\/uploads\/2022\/07\/logo-hasson-azul.svg\",\"contentUrl\":\"https:\/\/hassonadvogados.com.br\/wp-content\/uploads\/2022\/07\/logo-hasson-azul.svg\",\"width\":1,\"height\":1,\"caption\":\"Hasson Advogados\"},\"image\":{\"@id\":\"https:\/\/hassonadvogados.com.br\/#\/schema\/logo\/image\/\"}}]}<\/script>\n<!-- \/ Yoast SEO plugin. -->","yoast_head_json":{"title":"Joel Berto | Hasson Advogados","robots":{"index":"index","follow":"follow","max-snippet":"max-snippet:-1","max-image-preview":"max-image-preview:large","max-video-preview":"max-video-preview:-1"},"canonical":"https:\/\/hassonadvogados.com.br\/en\/lawyers\/joel-berto\/","og_locale":"en_US","og_type":"article","og_title":"Joel Berto | Hasson Advogados","og_description":"History Lawyer active in the prevention and reduction of legal claims, with extensive experience in business consulting and advisory, drafting and reviewing contracts, consulting and legal advice involving interaction of employees and managers with a focus on improving the quality of work and increasing revenue. Focused on interpersonal relationships of employees and managers, with free [&hellip;]","og_url":"https:\/\/hassonadvogados.com.br\/en\/lawyers\/joel-berto\/","og_site_name":"Hasson Advogados","og_image":[{"width":854,"height":1280,"url":"https:\/\/hassonadvogados.com.br\/wp-content\/uploads\/2022\/03\/joel-cor-menor.jpg","type":"image\/jpeg"}],"twitter_card":"summary_large_image","twitter_misc":{"Est. reading time":"1 minute","Written by":"javalidigital"},"schema":{"@context":"https:\/\/schema.org","@graph":[{"@type":"WebPage","@id":"https:\/\/hassonadvogados.com.br\/en\/lawyers\/joel-berto\/","url":"https:\/\/hassonadvogados.com.br\/en\/lawyers\/joel-berto\/","name":"Joel Berto | Hasson Advogados","isPartOf":{"@id":"https:\/\/hassonadvogados.com.br\/#website"},"primaryImageOfPage":{"@id":"https:\/\/hassonadvogados.com.br\/en\/lawyers\/joel-berto\/#primaryimage"},"image":{"@id":"https:\/\/hassonadvogados.com.br\/en\/lawyers\/joel-berto\/#primaryimage"},"thumbnailUrl":"https:\/\/hassonadvogados.com.br\/wp-content\/uploads\/2022\/03\/joel-cor-menor.jpg","datePublished":"2021-11-01T20:34:53+00:00","dateModified":"2021-11-01T20:34:53+00:00","breadcrumb":{"@id":"https:\/\/hassonadvogados.com.br\/en\/lawyers\/joel-berto\/#breadcrumb"},"inLanguage":"en-US","potentialAction":[{"@type":"ReadAction","target":["https:\/\/hassonadvogados.com.br\/en\/lawyers\/joel-berto\/"]}]},{"@type":"ImageObject","inLanguage":"en-US","@id":"https:\/\/hassonadvogados.com.br\/en\/lawyers\/joel-berto\/#primaryimage","url":"https:\/\/hassonadvogados.com.br\/wp-content\/uploads\/2022\/03\/joel-cor-menor.jpg","contentUrl":"https:\/\/hassonadvogados.com.br\/wp-content\/uploads\/2022\/03\/joel-cor-menor.jpg","width":854,"height":1280},{"@type":"BreadcrumbList","@id":"https:\/\/hassonadvogados.com.br\/en\/lawyers\/joel-berto\/#breadcrumb","itemListElement":[{"@type":"ListItem","position":1,"name":"In\u00edcio","item":"https:\/\/hassonadvogados.com.br\/en\/"},{"@type":"ListItem","position":2,"name":"Lawyers","item":"https:\/\/hassonadvogados.com.br\/en\/lawyers\/"},{"@type":"ListItem","position":3,"name":"Joel Berto"}]},{"@type":"WebSite","@id":"https:\/\/hassonadvogados.com.br\/#website","url":"https:\/\/hassonadvogados.com.br\/","name":"Hasson Advogados","description":"","publisher":{"@id":"https:\/\/hassonadvogados.com.br\/#organization"},"potentialAction":[{"@type":"SearchAction","target":{"@type":"EntryPoint","urlTemplate":"https:\/\/hassonadvogados.com.br\/?s={search_term_string}"},"query-input":{"@type":"PropertyValueSpecification","valueRequired":true,"valueName":"search_term_string"}}],"inLanguage":"en-US"},{"@type":"Organization","@id":"https:\/\/hassonadvogados.com.br\/#organization","name":"Hasson Advogados","url":"https:\/\/hassonadvogados.com.br\/","logo":{"@type":"ImageObject","inLanguage":"en-US","@id":"https:\/\/hassonadvogados.com.br\/#\/schema\/logo\/image\/","url":"https:\/\/hassonadvogados.com.br\/wp-content\/uploads\/2022\/07\/logo-hasson-azul.svg","contentUrl":"https:\/\/hassonadvogados.com.br\/wp-content\/uploads\/2022\/07\/logo-hasson-azul.svg","width":1,"height":1,"caption":"Hasson Advogados"},"image":{"@id":"https:\/\/hassonadvogados.com.br\/#\/schema\/logo\/image\/"}}]}},"_links":{"self":[{"href":"https:\/\/hassonadvogados.com.br\/en\/wp-json\/wp\/v2\/pages\/2409","targetHints":{"allow":["GET"]}}],"collection":[{"href":"https:\/\/hassonadvogados.com.br\/en\/wp-json\/wp\/v2\/pages"}],"about":[{"href":"https:\/\/hassonadvogados.com.br\/en\/wp-json\/wp\/v2\/types\/page"}],"author":[{"embeddable":true,"href":"https:\/\/hassonadvogados.com.br\/en\/wp-json\/wp\/v2\/users\/1"}],"replies":[{"embeddable":true,"href":"https:\/\/hassonadvogados.com.br\/en\/wp-json\/wp\/v2\/comments?post=2409"}],"version-history":[{"count":0,"href":"https:\/\/hassonadvogados.com.br\/en\/wp-json\/wp\/v2\/pages\/2409\/revisions"}],"up":[{"embeddable":true,"href":"https:\/\/hassonadvogados.com.br\/en\/wp-json\/wp\/v2\/pages\/2228"}],"wp:featuredmedia":[{"embeddable":true,"href":"https:\/\/hassonadvogados.com.br\/en\/wp-json\/wp\/v2\/media\/2101"}],"wp:attachment":[{"href":"https:\/\/hassonadvogados.com.br\/en\/wp-json\/wp\/v2\/media?parent=2409"}],"wp:term":[{"taxonomy":"author","embeddable":true,"href":"https:\/\/hassonadvogados.com.br\/en\/wp-json\/wp\/v2\/coauthors?post=2409"}],"curies":[{"name":"wp","href":"https:\/\/api.w.org\/{rel}","templated":true}]}}