{"id":2410,"date":"2021-11-01T17:35:09","date_gmt":"2021-11-01T20:35:09","guid":{"rendered":"https:\/\/hassonadvogados.com.br\/lawyers\/mariana-gusso-krieger-studzinski\/"},"modified":"2021-11-01T17:35:09","modified_gmt":"2021-11-01T20:35:09","slug":"mariana-gusso-krieger-studzinski","status":"publish","type":"page","link":"https:\/\/hassonadvogados.com.br\/en\/lawyers\/mariana-gusso-krieger-studzinski\/","title":{"rendered":"Mariana Gusso Krieger Studzinski"},"content":{"rendered":"<h4>History<\/h4>\n<p>Lawyer, partner of Hasson Advogados, with solid professional experience built along more than 15 years of career, with broad experience in preventive, consulting and litigious law practice, with emphasis on labor law, before clients from various economic segments, such as: civil construction, chemical industry, large machinery manufacturing, metallurgy and startups.<\/p>\n<p>Adjunct Professor of Labor Law, Labor Procedure and Labor Practice at Universidade Tuiuti do Paran\u00e1, since 2012. Guest professor at the Escola Superior de Advocacia &#8211; ESA\/PR and at the post-graduation course in Labor Relations at PUC\/PR.<\/p>\n<p>He participates, as a speaker, in round tables, seminars, and congresses in his area of expertise &#8211; Labor Relations &#8211; especially at the OAB\/PR and UTP\/PR.<\/p>\n<p>Loves movies, music, and loves to travel, to get to know new places and cultures!<\/p>\n<h4>Training<\/h4>\n<ul>\n<li>Extension Course in ER22.1x: JUSTICE at HarvardX University, USA.<\/li>\n<li>Master&#8217;s Degree in Law, from Faculdades Integradas do Brasil.<\/li>\n<li>Specialization in Critical Theory of Human Rights, Universidad Pablo de Olavid -UPO, Spain.<\/li>\n<li>Post-graduate degree in Labor Law and Labor Procedure from the Pontifical Catholic University of Paran\u00e1.<\/li>\n<li>Bachelor of Laws from the Pontifical Catholic University of Paran\u00e1.<\/li>\n<\/ul>\n<h4>Awards and recognition<\/h4>\n<ul>\n<li>He received an Honorable Mention from the Legislative Assembly of the State of Paran\u00e1, on August 11, 2015, on the lawyer&#8217;s day, for his performance in the Paran\u00e1 legal scenario.<\/li>\n<li>She has been honored several times by the students of the University Tuiuti do Paran\u00e1.<\/li>\n<\/ul>\n<h4>Publications<\/h4>\n<ul>\n<li>Author of the book &#8220;A prote\u00e7\u00e3o jur\u00eddica da diversidade sexual em face da discrimina\u00e7\u00e3o no trabalho&#8221;. Curitiba: Memory Institute, 2017, v.1. 200p.<\/li>\n<li>Author of several legal articles and book chapters published, with emphasis on labor law and human rights protection &#8211; see lattes: <a href=\"http:\/\/lattes.cnpq.br\/0828020379126161\" target=\"_blank\" rel=\"noopener\">http:\/\/lattes.cnpq.br\/0828020379126161<\/a><\/li>\n<\/ul>\n","protected":false},"excerpt":{"rendered":"<p>History Lawyer, partner of Hasson Advogados, with solid professional experience built along more than 15 years of career, with broad experience in preventive, consulting and litigious law practice, with emphasis on labor law, before clients from various economic segments, such as: civil construction, chemical industry, large machinery manufacturing, metallurgy and startups. Adjunct Professor of Labor [&hellip;]<\/p>\n","protected":false},"author":1,"featured_media":2102,"parent":2228,"menu_order":51,"comment_status":"closed","ping_status":"closed","template":"template-perfil.php","meta":{"_acf_changed":false,"footnotes":""},"coauthors":[],"class_list":["post-2410","page","type-page","status-publish","has-post-thumbnail","hentry"],"acf":[],"yoast_head":"<!-- This site is optimized with the Yoast SEO plugin v24.3 - https:\/\/yoast.com\/wordpress\/plugins\/seo\/ -->\n<title>Mariana Gusso Krieger Studzinski | Hasson Advogados<\/title>\n<meta name=\"robots\" content=\"index, follow, max-snippet:-1, max-image-preview:large, max-video-preview:-1\" \/>\n<link rel=\"canonical\" href=\"https:\/\/hassonadvogados.com.br\/en\/lawyers\/mariana-gusso-krieger-studzinski\/\" \/>\n<meta property=\"og:locale\" content=\"en_US\" \/>\n<meta property=\"og:type\" content=\"article\" \/>\n<meta property=\"og:title\" content=\"Mariana Gusso Krieger Studzinski | Hasson Advogados\" \/>\n<meta property=\"og:description\" content=\"History Lawyer, partner of Hasson Advogados, with solid professional experience built along more than 15 years of career, with broad experience in preventive, consulting and litigious law practice, with emphasis on labor law, before clients from various economic segments, such as: civil construction, chemical industry, large machinery manufacturing, metallurgy and startups. Adjunct Professor of Labor [&hellip;]\" \/>\n<meta property=\"og:url\" content=\"https:\/\/hassonadvogados.com.br\/en\/lawyers\/mariana-gusso-krieger-studzinski\/\" \/>\n<meta property=\"og:site_name\" content=\"Hasson Advogados\" \/>\n<meta property=\"og:image\" content=\"https:\/\/hassonadvogados.com.br\/wp-content\/uploads\/2022\/03\/mariana-cor-menor.jpg\" \/>\n\t<meta property=\"og:image:width\" content=\"854\" \/>\n\t<meta property=\"og:image:height\" content=\"1280\" \/>\n\t<meta property=\"og:image:type\" content=\"image\/jpeg\" \/>\n<meta name=\"twitter:card\" content=\"summary_large_image\" \/>\n<meta name=\"twitter:label1\" content=\"Est. reading time\" \/>\n\t<meta name=\"twitter:data1\" content=\"1 minute\" \/>\n\t<meta name=\"twitter:label2\" content=\"Written by\" \/>\n\t<meta name=\"twitter:data2\" content=\"javalidigital\" \/>\n<script type=\"application\/ld+json\" class=\"yoast-schema-graph\">{\"@context\":\"https:\/\/schema.org\",\"@graph\":[{\"@type\":\"WebPage\",\"@id\":\"https:\/\/hassonadvogados.com.br\/en\/lawyers\/mariana-gusso-krieger-studzinski\/\",\"url\":\"https:\/\/hassonadvogados.com.br\/en\/lawyers\/mariana-gusso-krieger-studzinski\/\",\"name\":\"Mariana Gusso Krieger Studzinski | Hasson Advogados\",\"isPartOf\":{\"@id\":\"https:\/\/hassonadvogados.com.br\/#website\"},\"primaryImageOfPage\":{\"@id\":\"https:\/\/hassonadvogados.com.br\/en\/lawyers\/mariana-gusso-krieger-studzinski\/#primaryimage\"},\"image\":{\"@id\":\"https:\/\/hassonadvogados.com.br\/en\/lawyers\/mariana-gusso-krieger-studzinski\/#primaryimage\"},\"thumbnailUrl\":\"https:\/\/hassonadvogados.com.br\/wp-content\/uploads\/2022\/03\/mariana-cor-menor.jpg\",\"datePublished\":\"2021-11-01T20:35:09+00:00\",\"dateModified\":\"2021-11-01T20:35:09+00:00\",\"breadcrumb\":{\"@id\":\"https:\/\/hassonadvogados.com.br\/en\/lawyers\/mariana-gusso-krieger-studzinski\/#breadcrumb\"},\"inLanguage\":\"en-US\",\"potentialAction\":[{\"@type\":\"ReadAction\",\"target\":[\"https:\/\/hassonadvogados.com.br\/en\/lawyers\/mariana-gusso-krieger-studzinski\/\"]}]},{\"@type\":\"ImageObject\",\"inLanguage\":\"en-US\",\"@id\":\"https:\/\/hassonadvogados.com.br\/en\/lawyers\/mariana-gusso-krieger-studzinski\/#primaryimage\",\"url\":\"https:\/\/hassonadvogados.com.br\/wp-content\/uploads\/2022\/03\/mariana-cor-menor.jpg\",\"contentUrl\":\"https:\/\/hassonadvogados.com.br\/wp-content\/uploads\/2022\/03\/mariana-cor-menor.jpg\",\"width\":854,\"height\":1280},{\"@type\":\"BreadcrumbList\",\"@id\":\"https:\/\/hassonadvogados.com.br\/en\/lawyers\/mariana-gusso-krieger-studzinski\/#breadcrumb\",\"itemListElement\":[{\"@type\":\"ListItem\",\"position\":1,\"name\":\"In\u00edcio\",\"item\":\"https:\/\/hassonadvogados.com.br\/en\/\"},{\"@type\":\"ListItem\",\"position\":2,\"name\":\"Lawyers\",\"item\":\"https:\/\/hassonadvogados.com.br\/en\/lawyers\/\"},{\"@type\":\"ListItem\",\"position\":3,\"name\":\"Mariana Gusso Krieger Studzinski\"}]},{\"@type\":\"WebSite\",\"@id\":\"https:\/\/hassonadvogados.com.br\/#website\",\"url\":\"https:\/\/hassonadvogados.com.br\/\",\"name\":\"Hasson Advogados\",\"description\":\"\",\"publisher\":{\"@id\":\"https:\/\/hassonadvogados.com.br\/#organization\"},\"potentialAction\":[{\"@type\":\"SearchAction\",\"target\":{\"@type\":\"EntryPoint\",\"urlTemplate\":\"https:\/\/hassonadvogados.com.br\/?s={search_term_string}\"},\"query-input\":{\"@type\":\"PropertyValueSpecification\",\"valueRequired\":true,\"valueName\":\"search_term_string\"}}],\"inLanguage\":\"en-US\"},{\"@type\":\"Organization\",\"@id\":\"https:\/\/hassonadvogados.com.br\/#organization\",\"name\":\"Hasson Advogados\",\"url\":\"https:\/\/hassonadvogados.com.br\/\",\"logo\":{\"@type\":\"ImageObject\",\"inLanguage\":\"en-US\",\"@id\":\"https:\/\/hassonadvogados.com.br\/#\/schema\/logo\/image\/\",\"url\":\"https:\/\/hassonadvogados.com.br\/wp-content\/uploads\/2022\/07\/logo-hasson-azul.svg\",\"contentUrl\":\"https:\/\/hassonadvogados.com.br\/wp-content\/uploads\/2022\/07\/logo-hasson-azul.svg\",\"width\":1,\"height\":1,\"caption\":\"Hasson Advogados\"},\"image\":{\"@id\":\"https:\/\/hassonadvogados.com.br\/#\/schema\/logo\/image\/\"}}]}<\/script>\n<!-- \/ Yoast SEO plugin. -->","yoast_head_json":{"title":"Mariana Gusso Krieger Studzinski | Hasson Advogados","robots":{"index":"index","follow":"follow","max-snippet":"max-snippet:-1","max-image-preview":"max-image-preview:large","max-video-preview":"max-video-preview:-1"},"canonical":"https:\/\/hassonadvogados.com.br\/en\/lawyers\/mariana-gusso-krieger-studzinski\/","og_locale":"en_US","og_type":"article","og_title":"Mariana Gusso Krieger Studzinski | Hasson Advogados","og_description":"History Lawyer, partner of Hasson Advogados, with solid professional experience built along more than 15 years of career, with broad experience in preventive, consulting and litigious law practice, with emphasis on labor law, before clients from various economic segments, such as: civil construction, chemical industry, large machinery manufacturing, metallurgy and startups. Adjunct Professor of Labor [&hellip;]","og_url":"https:\/\/hassonadvogados.com.br\/en\/lawyers\/mariana-gusso-krieger-studzinski\/","og_site_name":"Hasson Advogados","og_image":[{"width":854,"height":1280,"url":"https:\/\/hassonadvogados.com.br\/wp-content\/uploads\/2022\/03\/mariana-cor-menor.jpg","type":"image\/jpeg"}],"twitter_card":"summary_large_image","twitter_misc":{"Est. reading time":"1 minute","Written by":"javalidigital"},"schema":{"@context":"https:\/\/schema.org","@graph":[{"@type":"WebPage","@id":"https:\/\/hassonadvogados.com.br\/en\/lawyers\/mariana-gusso-krieger-studzinski\/","url":"https:\/\/hassonadvogados.com.br\/en\/lawyers\/mariana-gusso-krieger-studzinski\/","name":"Mariana Gusso Krieger Studzinski | Hasson Advogados","isPartOf":{"@id":"https:\/\/hassonadvogados.com.br\/#website"},"primaryImageOfPage":{"@id":"https:\/\/hassonadvogados.com.br\/en\/lawyers\/mariana-gusso-krieger-studzinski\/#primaryimage"},"image":{"@id":"https:\/\/hassonadvogados.com.br\/en\/lawyers\/mariana-gusso-krieger-studzinski\/#primaryimage"},"thumbnailUrl":"https:\/\/hassonadvogados.com.br\/wp-content\/uploads\/2022\/03\/mariana-cor-menor.jpg","datePublished":"2021-11-01T20:35:09+00:00","dateModified":"2021-11-01T20:35:09+00:00","breadcrumb":{"@id":"https:\/\/hassonadvogados.com.br\/en\/lawyers\/mariana-gusso-krieger-studzinski\/#breadcrumb"},"inLanguage":"en-US","potentialAction":[{"@type":"ReadAction","target":["https:\/\/hassonadvogados.com.br\/en\/lawyers\/mariana-gusso-krieger-studzinski\/"]}]},{"@type":"ImageObject","inLanguage":"en-US","@id":"https:\/\/hassonadvogados.com.br\/en\/lawyers\/mariana-gusso-krieger-studzinski\/#primaryimage","url":"https:\/\/hassonadvogados.com.br\/wp-content\/uploads\/2022\/03\/mariana-cor-menor.jpg","contentUrl":"https:\/\/hassonadvogados.com.br\/wp-content\/uploads\/2022\/03\/mariana-cor-menor.jpg","width":854,"height":1280},{"@type":"BreadcrumbList","@id":"https:\/\/hassonadvogados.com.br\/en\/lawyers\/mariana-gusso-krieger-studzinski\/#breadcrumb","itemListElement":[{"@type":"ListItem","position":1,"name":"In\u00edcio","item":"https:\/\/hassonadvogados.com.br\/en\/"},{"@type":"ListItem","position":2,"name":"Lawyers","item":"https:\/\/hassonadvogados.com.br\/en\/lawyers\/"},{"@type":"ListItem","position":3,"name":"Mariana Gusso Krieger Studzinski"}]},{"@type":"WebSite","@id":"https:\/\/hassonadvogados.com.br\/#website","url":"https:\/\/hassonadvogados.com.br\/","name":"Hasson Advogados","description":"","publisher":{"@id":"https:\/\/hassonadvogados.com.br\/#organization"},"potentialAction":[{"@type":"SearchAction","target":{"@type":"EntryPoint","urlTemplate":"https:\/\/hassonadvogados.com.br\/?s={search_term_string}"},"query-input":{"@type":"PropertyValueSpecification","valueRequired":true,"valueName":"search_term_string"}}],"inLanguage":"en-US"},{"@type":"Organization","@id":"https:\/\/hassonadvogados.com.br\/#organization","name":"Hasson Advogados","url":"https:\/\/hassonadvogados.com.br\/","logo":{"@type":"ImageObject","inLanguage":"en-US","@id":"https:\/\/hassonadvogados.com.br\/#\/schema\/logo\/image\/","url":"https:\/\/hassonadvogados.com.br\/wp-content\/uploads\/2022\/07\/logo-hasson-azul.svg","contentUrl":"https:\/\/hassonadvogados.com.br\/wp-content\/uploads\/2022\/07\/logo-hasson-azul.svg","width":1,"height":1,"caption":"Hasson Advogados"},"image":{"@id":"https:\/\/hassonadvogados.com.br\/#\/schema\/logo\/image\/"}}]}},"_links":{"self":[{"href":"https:\/\/hassonadvogados.com.br\/en\/wp-json\/wp\/v2\/pages\/2410","targetHints":{"allow":["GET"]}}],"collection":[{"href":"https:\/\/hassonadvogados.com.br\/en\/wp-json\/wp\/v2\/pages"}],"about":[{"href":"https:\/\/hassonadvogados.com.br\/en\/wp-json\/wp\/v2\/types\/page"}],"author":[{"embeddable":true,"href":"https:\/\/hassonadvogados.com.br\/en\/wp-json\/wp\/v2\/users\/1"}],"replies":[{"embeddable":true,"href":"https:\/\/hassonadvogados.com.br\/en\/wp-json\/wp\/v2\/comments?post=2410"}],"version-history":[{"count":1,"href":"https:\/\/hassonadvogados.com.br\/en\/wp-json\/wp\/v2\/pages\/2410\/revisions"}],"predecessor-version":[{"id":2411,"href":"https:\/\/hassonadvogados.com.br\/en\/wp-json\/wp\/v2\/pages\/2410\/revisions\/2411"}],"up":[{"embeddable":true,"href":"https:\/\/hassonadvogados.com.br\/en\/wp-json\/wp\/v2\/pages\/2228"}],"wp:featuredmedia":[{"embeddable":true,"href":"https:\/\/hassonadvogados.com.br\/en\/wp-json\/wp\/v2\/media\/2102"}],"wp:attachment":[{"href":"https:\/\/hassonadvogados.com.br\/en\/wp-json\/wp\/v2\/media?parent=2410"}],"wp:term":[{"taxonomy":"author","embeddable":true,"href":"https:\/\/hassonadvogados.com.br\/en\/wp-json\/wp\/v2\/coauthors?post=2410"}],"curies":[{"name":"wp","href":"https:\/\/api.w.org\/{rel}","templated":true}]}}