{"id":2413,"date":"2022-03-07T15:20:16","date_gmt":"2022-03-07T18:20:16","guid":{"rendered":"https:\/\/hassonadvogados.com.br\/lawyers\/victor-emmanuel-pascaretta-gallo-barreto-de-souza\/"},"modified":"2022-03-07T15:20:16","modified_gmt":"2022-03-07T18:20:16","slug":"victor-emmanuel-pascaretta-gallo-barreto-de-souza","status":"publish","type":"page","link":"https:\/\/hassonadvogados.com.br\/en\/lawyers\/victor-emmanuel-pascaretta-gallo-barreto-de-souza\/","title":{"rendered":"Victor Emmanuel Pascaretta Gallo Barreto de Souza"},"content":{"rendered":"<h4>History<\/h4>\n<p>He entered the legal career in 2010, always committed to extracurricular activities, served as a monitor of the discipline of legal practice in 2014, as vice president and president of the academic directory of law in the biennium 2013-2014. In 2014 he also served as secretary general of the academic relations commission with the Brazilian Bar Association &#8211; Pernambuco Sectional.<\/p>\n<p>He has held internships since 2011 in various branches of law such as labor law, labor unions, consumer law, civil actions, family law, inventories and actions involving property, possession and civil remedy.<\/p>\n<p>In 2012 he worked at the Specialized Federal Attorney&#8217;s Office of IBAMA\/PE, preparing legal opinions in administrative and tax proceedings. From 2013 to 2014 he was an intern at the Regional Labor Court of the 6th Region, acting in various stages of the process, including sentences, dispatches and liquidation calculations.<\/p>\n<p>Since 2015 he has been working as a lawyer, mainly in the labor area, especially with companies in land transportation of cargo and passengers, commerce and cosmetics industry, condominiums, food industry, among others.<\/p>\n<p>He has experience in civil law, consumer law, and administrative law, including writs of mandamus for appointment in public competitions, execution of extrajudicial titles arising from public bids, among others.<\/p>\n<p>He was a guest professor at the Graduate Program in Law of the Catholic University of Pernambuco in 2017 and 2018, teaching Labor Law II in the Specialization course in Labor Law and Labor Procedure.<\/p>\n<p>He is currently a lawyer at Hasson &amp; Advogados, working in the labor litigation and consulting sectors, focusing on companies in the cosmetics trade and industry.<\/p>\n<h4>Training<\/h4>\n<ul>\n<li>Introduction to Italian Law extension course at the University of Camerino, Italy.<\/li>\n<li>Post-graduate &#8220;Latu Sensu&#8221; in Labor Law and Labor Procedure at the Catholic University of Pernambuco.<\/li>\n<li>Graduated in Law from Faculdade Marista do Recife.<\/li>\n<\/ul>\n<h4>Publications<\/h4>\n<ul>\n<li>THE MULTIDISCIPLINARITY OF FUNDAMENTAL RIGHTS: A REFLEXIVE ANALYSIS \/ Rog\u00e9ria Gladys Sales Guerra, Sabrina Ara\u00fajo Feitoza Fernandes Rocha, S\u00e9rgio Torres Teixeira &#8211; Editora Nossa Livraria &#8211; Recife, 2014. Pgs. 326. ISBN 9788577922369. Article: Moral Harassment in the Work Environment and the Principle of Dignity of the Human Person. SOUZA, Victor Emmanuel Pascaretta Gallo Barreto de. pgs. 203\/227.<\/li>\n<li>ORGANIZATION OF STATE AND WORK IN POST-MODERNITY \/ Rog\u00e9ria Gladys, Flora Oliveira, Rosa Freitas &#8211; Editora LTr &#8211; Recife, 2017. Pgs. 144. ISBN &#8211; Print Version: 978-85-361-9395-3, Digital Version: 978-85-361-9438-7. Article: The Imprescriptibility of Labor Credits in the Course of the Employment Contract. SOUZA, Victor Emmanuel Pascaretta Gallo Barreto de. pgs. 11\/17.<\/li>\n<\/ul>\n","protected":false},"excerpt":{"rendered":"<p>History He entered the legal career in 2010, always committed to extracurricular activities, served as a monitor of the discipline of legal practice in 2014, as vice president and president of the academic directory of law in the biennium 2013-2014. In 2014 he also served as secretary general of the academic relations commission with the [&hellip;]<\/p>\n","protected":false},"author":1,"featured_media":0,"parent":2228,"menu_order":54,"comment_status":"closed","ping_status":"closed","template":"template-perfil.php","meta":{"_acf_changed":false,"footnotes":""},"coauthors":[],"class_list":["post-2413","page","type-page","status-publish","hentry"],"acf":[],"yoast_head":"<!-- This site is optimized with the Yoast SEO plugin v24.3 - https:\/\/yoast.com\/wordpress\/plugins\/seo\/ -->\n<title>Victor Emmanuel Pascaretta Gallo Barreto de Souza | Hasson Advogados<\/title>\n<meta name=\"robots\" content=\"index, follow, max-snippet:-1, max-image-preview:large, max-video-preview:-1\" \/>\n<link rel=\"canonical\" href=\"https:\/\/hassonadvogados.com.br\/en\/lawyers\/victor-emmanuel-pascaretta-gallo-barreto-de-souza\/\" \/>\n<meta property=\"og:locale\" content=\"en_US\" \/>\n<meta property=\"og:type\" content=\"article\" \/>\n<meta property=\"og:title\" content=\"Victor Emmanuel Pascaretta Gallo Barreto de Souza | Hasson Advogados\" \/>\n<meta property=\"og:description\" content=\"History He entered the legal career in 2010, always committed to extracurricular activities, served as a monitor of the discipline of legal practice in 2014, as vice president and president of the academic directory of law in the biennium 2013-2014. In 2014 he also served as secretary general of the academic relations commission with the [&hellip;]\" \/>\n<meta property=\"og:url\" content=\"https:\/\/hassonadvogados.com.br\/en\/lawyers\/victor-emmanuel-pascaretta-gallo-barreto-de-souza\/\" \/>\n<meta property=\"og:site_name\" content=\"Hasson Advogados\" \/>\n<meta name=\"twitter:card\" content=\"summary_large_image\" \/>\n<meta name=\"twitter:label1\" content=\"Est. reading time\" \/>\n\t<meta name=\"twitter:data1\" content=\"2 minutes\" \/>\n\t<meta name=\"twitter:label2\" content=\"Written by\" \/>\n\t<meta name=\"twitter:data2\" content=\"javalidigital\" \/>\n<script type=\"application\/ld+json\" class=\"yoast-schema-graph\">{\"@context\":\"https:\/\/schema.org\",\"@graph\":[{\"@type\":\"WebPage\",\"@id\":\"https:\/\/hassonadvogados.com.br\/en\/lawyers\/victor-emmanuel-pascaretta-gallo-barreto-de-souza\/\",\"url\":\"https:\/\/hassonadvogados.com.br\/en\/lawyers\/victor-emmanuel-pascaretta-gallo-barreto-de-souza\/\",\"name\":\"Victor Emmanuel Pascaretta Gallo Barreto de Souza | Hasson Advogados\",\"isPartOf\":{\"@id\":\"https:\/\/hassonadvogados.com.br\/#website\"},\"datePublished\":\"2022-03-07T18:20:16+00:00\",\"dateModified\":\"2022-03-07T18:20:16+00:00\",\"breadcrumb\":{\"@id\":\"https:\/\/hassonadvogados.com.br\/en\/lawyers\/victor-emmanuel-pascaretta-gallo-barreto-de-souza\/#breadcrumb\"},\"inLanguage\":\"en-US\",\"potentialAction\":[{\"@type\":\"ReadAction\",\"target\":[\"https:\/\/hassonadvogados.com.br\/en\/lawyers\/victor-emmanuel-pascaretta-gallo-barreto-de-souza\/\"]}]},{\"@type\":\"BreadcrumbList\",\"@id\":\"https:\/\/hassonadvogados.com.br\/en\/lawyers\/victor-emmanuel-pascaretta-gallo-barreto-de-souza\/#breadcrumb\",\"itemListElement\":[{\"@type\":\"ListItem\",\"position\":1,\"name\":\"In\u00edcio\",\"item\":\"https:\/\/hassonadvogados.com.br\/en\/\"},{\"@type\":\"ListItem\",\"position\":2,\"name\":\"Lawyers\",\"item\":\"https:\/\/hassonadvogados.com.br\/en\/lawyers\/\"},{\"@type\":\"ListItem\",\"position\":3,\"name\":\"Victor Emmanuel Pascaretta Gallo Barreto de Souza\"}]},{\"@type\":\"WebSite\",\"@id\":\"https:\/\/hassonadvogados.com.br\/#website\",\"url\":\"https:\/\/hassonadvogados.com.br\/\",\"name\":\"Hasson Advogados\",\"description\":\"\",\"publisher\":{\"@id\":\"https:\/\/hassonadvogados.com.br\/#organization\"},\"potentialAction\":[{\"@type\":\"SearchAction\",\"target\":{\"@type\":\"EntryPoint\",\"urlTemplate\":\"https:\/\/hassonadvogados.com.br\/?s={search_term_string}\"},\"query-input\":{\"@type\":\"PropertyValueSpecification\",\"valueRequired\":true,\"valueName\":\"search_term_string\"}}],\"inLanguage\":\"en-US\"},{\"@type\":\"Organization\",\"@id\":\"https:\/\/hassonadvogados.com.br\/#organization\",\"name\":\"Hasson Advogados\",\"url\":\"https:\/\/hassonadvogados.com.br\/\",\"logo\":{\"@type\":\"ImageObject\",\"inLanguage\":\"en-US\",\"@id\":\"https:\/\/hassonadvogados.com.br\/#\/schema\/logo\/image\/\",\"url\":\"https:\/\/hassonadvogados.com.br\/wp-content\/uploads\/2022\/07\/logo-hasson-azul.svg\",\"contentUrl\":\"https:\/\/hassonadvogados.com.br\/wp-content\/uploads\/2022\/07\/logo-hasson-azul.svg\",\"width\":1,\"height\":1,\"caption\":\"Hasson Advogados\"},\"image\":{\"@id\":\"https:\/\/hassonadvogados.com.br\/#\/schema\/logo\/image\/\"}}]}<\/script>\n<!-- \/ Yoast SEO plugin. -->","yoast_head_json":{"title":"Victor Emmanuel Pascaretta Gallo Barreto de Souza | Hasson Advogados","robots":{"index":"index","follow":"follow","max-snippet":"max-snippet:-1","max-image-preview":"max-image-preview:large","max-video-preview":"max-video-preview:-1"},"canonical":"https:\/\/hassonadvogados.com.br\/en\/lawyers\/victor-emmanuel-pascaretta-gallo-barreto-de-souza\/","og_locale":"en_US","og_type":"article","og_title":"Victor Emmanuel Pascaretta Gallo Barreto de Souza | Hasson Advogados","og_description":"History He entered the legal career in 2010, always committed to extracurricular activities, served as a monitor of the discipline of legal practice in 2014, as vice president and president of the academic directory of law in the biennium 2013-2014. In 2014 he also served as secretary general of the academic relations commission with the [&hellip;]","og_url":"https:\/\/hassonadvogados.com.br\/en\/lawyers\/victor-emmanuel-pascaretta-gallo-barreto-de-souza\/","og_site_name":"Hasson Advogados","twitter_card":"summary_large_image","twitter_misc":{"Est. reading time":"2 minutes","Written by":"javalidigital"},"schema":{"@context":"https:\/\/schema.org","@graph":[{"@type":"WebPage","@id":"https:\/\/hassonadvogados.com.br\/en\/lawyers\/victor-emmanuel-pascaretta-gallo-barreto-de-souza\/","url":"https:\/\/hassonadvogados.com.br\/en\/lawyers\/victor-emmanuel-pascaretta-gallo-barreto-de-souza\/","name":"Victor Emmanuel Pascaretta Gallo Barreto de Souza | Hasson Advogados","isPartOf":{"@id":"https:\/\/hassonadvogados.com.br\/#website"},"datePublished":"2022-03-07T18:20:16+00:00","dateModified":"2022-03-07T18:20:16+00:00","breadcrumb":{"@id":"https:\/\/hassonadvogados.com.br\/en\/lawyers\/victor-emmanuel-pascaretta-gallo-barreto-de-souza\/#breadcrumb"},"inLanguage":"en-US","potentialAction":[{"@type":"ReadAction","target":["https:\/\/hassonadvogados.com.br\/en\/lawyers\/victor-emmanuel-pascaretta-gallo-barreto-de-souza\/"]}]},{"@type":"BreadcrumbList","@id":"https:\/\/hassonadvogados.com.br\/en\/lawyers\/victor-emmanuel-pascaretta-gallo-barreto-de-souza\/#breadcrumb","itemListElement":[{"@type":"ListItem","position":1,"name":"In\u00edcio","item":"https:\/\/hassonadvogados.com.br\/en\/"},{"@type":"ListItem","position":2,"name":"Lawyers","item":"https:\/\/hassonadvogados.com.br\/en\/lawyers\/"},{"@type":"ListItem","position":3,"name":"Victor Emmanuel Pascaretta Gallo Barreto de Souza"}]},{"@type":"WebSite","@id":"https:\/\/hassonadvogados.com.br\/#website","url":"https:\/\/hassonadvogados.com.br\/","name":"Hasson Advogados","description":"","publisher":{"@id":"https:\/\/hassonadvogados.com.br\/#organization"},"potentialAction":[{"@type":"SearchAction","target":{"@type":"EntryPoint","urlTemplate":"https:\/\/hassonadvogados.com.br\/?s={search_term_string}"},"query-input":{"@type":"PropertyValueSpecification","valueRequired":true,"valueName":"search_term_string"}}],"inLanguage":"en-US"},{"@type":"Organization","@id":"https:\/\/hassonadvogados.com.br\/#organization","name":"Hasson Advogados","url":"https:\/\/hassonadvogados.com.br\/","logo":{"@type":"ImageObject","inLanguage":"en-US","@id":"https:\/\/hassonadvogados.com.br\/#\/schema\/logo\/image\/","url":"https:\/\/hassonadvogados.com.br\/wp-content\/uploads\/2022\/07\/logo-hasson-azul.svg","contentUrl":"https:\/\/hassonadvogados.com.br\/wp-content\/uploads\/2022\/07\/logo-hasson-azul.svg","width":1,"height":1,"caption":"Hasson Advogados"},"image":{"@id":"https:\/\/hassonadvogados.com.br\/#\/schema\/logo\/image\/"}}]}},"_links":{"self":[{"href":"https:\/\/hassonadvogados.com.br\/en\/wp-json\/wp\/v2\/pages\/2413","targetHints":{"allow":["GET"]}}],"collection":[{"href":"https:\/\/hassonadvogados.com.br\/en\/wp-json\/wp\/v2\/pages"}],"about":[{"href":"https:\/\/hassonadvogados.com.br\/en\/wp-json\/wp\/v2\/types\/page"}],"author":[{"embeddable":true,"href":"https:\/\/hassonadvogados.com.br\/en\/wp-json\/wp\/v2\/users\/1"}],"replies":[{"embeddable":true,"href":"https:\/\/hassonadvogados.com.br\/en\/wp-json\/wp\/v2\/comments?post=2413"}],"version-history":[{"count":0,"href":"https:\/\/hassonadvogados.com.br\/en\/wp-json\/wp\/v2\/pages\/2413\/revisions"}],"up":[{"embeddable":true,"href":"https:\/\/hassonadvogados.com.br\/en\/wp-json\/wp\/v2\/pages\/2228"}],"wp:attachment":[{"href":"https:\/\/hassonadvogados.com.br\/en\/wp-json\/wp\/v2\/media?parent=2413"}],"wp:term":[{"taxonomy":"author","embeddable":true,"href":"https:\/\/hassonadvogados.com.br\/en\/wp-json\/wp\/v2\/coauthors?post=2413"}],"curies":[{"name":"wp","href":"https:\/\/api.w.org\/{rel}","templated":true}]}}