{"id":2418,"date":"2022-03-07T14:38:13","date_gmt":"2022-03-07T17:38:13","guid":{"rendered":"https:\/\/hassonadvogados.com.br\/lawyers\/livia-pereira-stefanini\/"},"modified":"2022-03-07T14:38:13","modified_gmt":"2022-03-07T17:38:13","slug":"livia-pereira-stefanini","status":"publish","type":"page","link":"https:\/\/hassonadvogados.com.br\/en\/lawyers\/livia-pereira-stefanini\/","title":{"rendered":"L\u00edvia Pereira Stefanini"},"content":{"rendered":"<h4>History<\/h4>\n<p>Lawyer with more than 13 years of experience in the litigation practice focused on consumer relations, mainly in the areas of banking and telephony law in the Southern Region of Brazil. For over 5 years he has been responsible for managing mass litigation portfolios of large telephone companies, with emphasis on combating frivolous and repetitive lawsuits.<\/p>\n<p>International experience in Spain in 2001.<\/p>\n<p>Mother of a pet, she discovered during the pandemic her taste for cooking. A self-confessed geek, she likes movies and books. She has an eclectic taste in music and loves to travel.<\/p>\n<h4>Training<\/h4>\n<ul>\n<li>Graduated in Law from the Pontifical Catholic University of Paran\u00e1 (PUC\/PR).<\/li>\n<li>Specialization by FEMPAR (Funda\u00e7\u00e3o Escola do Minist\u00e9rio P\u00fablico do Paran\u00e1) in Public Prosecution &#8211; Democratic State of Law.<\/li>\n<\/ul>\n","protected":false},"excerpt":{"rendered":"<p>History Lawyer with more than 13 years of experience in the litigation practice focused on consumer relations, mainly in the areas of banking and telephony law in the Southern Region of Brazil. For over 5 years he has been responsible for managing mass litigation portfolios of large telephone companies, with emphasis on combating frivolous and [&hellip;]<\/p>\n","protected":false},"author":1,"featured_media":0,"parent":2228,"menu_order":68,"comment_status":"closed","ping_status":"closed","template":"template-perfil.php","meta":{"_acf_changed":false,"footnotes":""},"coauthors":[],"class_list":["post-2418","page","type-page","status-publish","hentry"],"acf":[],"yoast_head":"<!-- This site is optimized with the Yoast SEO plugin v24.3 - https:\/\/yoast.com\/wordpress\/plugins\/seo\/ -->\n<title>L\u00edvia Pereira Stefanini | Hasson Advogados<\/title>\n<meta name=\"robots\" content=\"index, follow, max-snippet:-1, max-image-preview:large, max-video-preview:-1\" \/>\n<link rel=\"canonical\" href=\"https:\/\/hassonadvogados.com.br\/en\/lawyers\/livia-pereira-stefanini\/\" \/>\n<meta property=\"og:locale\" content=\"en_US\" \/>\n<meta property=\"og:type\" content=\"article\" \/>\n<meta property=\"og:title\" content=\"L\u00edvia Pereira Stefanini | Hasson Advogados\" \/>\n<meta property=\"og:description\" content=\"History Lawyer with more than 13 years of experience in the litigation practice focused on consumer relations, mainly in the areas of banking and telephony law in the Southern Region of Brazil. For over 5 years he has been responsible for managing mass litigation portfolios of large telephone companies, with emphasis on combating frivolous and [&hellip;]\" \/>\n<meta property=\"og:url\" content=\"https:\/\/hassonadvogados.com.br\/en\/lawyers\/livia-pereira-stefanini\/\" \/>\n<meta property=\"og:site_name\" content=\"Hasson Advogados\" \/>\n<meta name=\"twitter:card\" content=\"summary_large_image\" \/>\n<meta name=\"twitter:label1\" content=\"Est. reading time\" \/>\n\t<meta name=\"twitter:data1\" content=\"1 minute\" \/>\n\t<meta name=\"twitter:label2\" content=\"Written by\" \/>\n\t<meta name=\"twitter:data2\" content=\"javalidigital\" \/>\n<script type=\"application\/ld+json\" class=\"yoast-schema-graph\">{\"@context\":\"https:\/\/schema.org\",\"@graph\":[{\"@type\":\"WebPage\",\"@id\":\"https:\/\/hassonadvogados.com.br\/en\/lawyers\/livia-pereira-stefanini\/\",\"url\":\"https:\/\/hassonadvogados.com.br\/en\/lawyers\/livia-pereira-stefanini\/\",\"name\":\"L\u00edvia Pereira Stefanini | Hasson Advogados\",\"isPartOf\":{\"@id\":\"https:\/\/hassonadvogados.com.br\/#website\"},\"datePublished\":\"2022-03-07T17:38:13+00:00\",\"dateModified\":\"2022-03-07T17:38:13+00:00\",\"breadcrumb\":{\"@id\":\"https:\/\/hassonadvogados.com.br\/en\/lawyers\/livia-pereira-stefanini\/#breadcrumb\"},\"inLanguage\":\"en-US\",\"potentialAction\":[{\"@type\":\"ReadAction\",\"target\":[\"https:\/\/hassonadvogados.com.br\/en\/lawyers\/livia-pereira-stefanini\/\"]}]},{\"@type\":\"BreadcrumbList\",\"@id\":\"https:\/\/hassonadvogados.com.br\/en\/lawyers\/livia-pereira-stefanini\/#breadcrumb\",\"itemListElement\":[{\"@type\":\"ListItem\",\"position\":1,\"name\":\"In\u00edcio\",\"item\":\"https:\/\/hassonadvogados.com.br\/en\/\"},{\"@type\":\"ListItem\",\"position\":2,\"name\":\"Lawyers\",\"item\":\"https:\/\/hassonadvogados.com.br\/en\/lawyers\/\"},{\"@type\":\"ListItem\",\"position\":3,\"name\":\"L\u00edvia Pereira Stefanini\"}]},{\"@type\":\"WebSite\",\"@id\":\"https:\/\/hassonadvogados.com.br\/#website\",\"url\":\"https:\/\/hassonadvogados.com.br\/\",\"name\":\"Hasson Advogados\",\"description\":\"\",\"publisher\":{\"@id\":\"https:\/\/hassonadvogados.com.br\/#organization\"},\"potentialAction\":[{\"@type\":\"SearchAction\",\"target\":{\"@type\":\"EntryPoint\",\"urlTemplate\":\"https:\/\/hassonadvogados.com.br\/?s={search_term_string}\"},\"query-input\":{\"@type\":\"PropertyValueSpecification\",\"valueRequired\":true,\"valueName\":\"search_term_string\"}}],\"inLanguage\":\"en-US\"},{\"@type\":\"Organization\",\"@id\":\"https:\/\/hassonadvogados.com.br\/#organization\",\"name\":\"Hasson Advogados\",\"url\":\"https:\/\/hassonadvogados.com.br\/\",\"logo\":{\"@type\":\"ImageObject\",\"inLanguage\":\"en-US\",\"@id\":\"https:\/\/hassonadvogados.com.br\/#\/schema\/logo\/image\/\",\"url\":\"https:\/\/hassonadvogados.com.br\/wp-content\/uploads\/2022\/07\/logo-hasson-azul.svg\",\"contentUrl\":\"https:\/\/hassonadvogados.com.br\/wp-content\/uploads\/2022\/07\/logo-hasson-azul.svg\",\"width\":1,\"height\":1,\"caption\":\"Hasson Advogados\"},\"image\":{\"@id\":\"https:\/\/hassonadvogados.com.br\/#\/schema\/logo\/image\/\"}}]}<\/script>\n<!-- \/ Yoast SEO plugin. -->","yoast_head_json":{"title":"L\u00edvia Pereira Stefanini | Hasson Advogados","robots":{"index":"index","follow":"follow","max-snippet":"max-snippet:-1","max-image-preview":"max-image-preview:large","max-video-preview":"max-video-preview:-1"},"canonical":"https:\/\/hassonadvogados.com.br\/en\/lawyers\/livia-pereira-stefanini\/","og_locale":"en_US","og_type":"article","og_title":"L\u00edvia Pereira Stefanini | Hasson Advogados","og_description":"History Lawyer with more than 13 years of experience in the litigation practice focused on consumer relations, mainly in the areas of banking and telephony law in the Southern Region of Brazil. For over 5 years he has been responsible for managing mass litigation portfolios of large telephone companies, with emphasis on combating frivolous and [&hellip;]","og_url":"https:\/\/hassonadvogados.com.br\/en\/lawyers\/livia-pereira-stefanini\/","og_site_name":"Hasson Advogados","twitter_card":"summary_large_image","twitter_misc":{"Est. reading time":"1 minute","Written by":"javalidigital"},"schema":{"@context":"https:\/\/schema.org","@graph":[{"@type":"WebPage","@id":"https:\/\/hassonadvogados.com.br\/en\/lawyers\/livia-pereira-stefanini\/","url":"https:\/\/hassonadvogados.com.br\/en\/lawyers\/livia-pereira-stefanini\/","name":"L\u00edvia Pereira Stefanini | Hasson Advogados","isPartOf":{"@id":"https:\/\/hassonadvogados.com.br\/#website"},"datePublished":"2022-03-07T17:38:13+00:00","dateModified":"2022-03-07T17:38:13+00:00","breadcrumb":{"@id":"https:\/\/hassonadvogados.com.br\/en\/lawyers\/livia-pereira-stefanini\/#breadcrumb"},"inLanguage":"en-US","potentialAction":[{"@type":"ReadAction","target":["https:\/\/hassonadvogados.com.br\/en\/lawyers\/livia-pereira-stefanini\/"]}]},{"@type":"BreadcrumbList","@id":"https:\/\/hassonadvogados.com.br\/en\/lawyers\/livia-pereira-stefanini\/#breadcrumb","itemListElement":[{"@type":"ListItem","position":1,"name":"In\u00edcio","item":"https:\/\/hassonadvogados.com.br\/en\/"},{"@type":"ListItem","position":2,"name":"Lawyers","item":"https:\/\/hassonadvogados.com.br\/en\/lawyers\/"},{"@type":"ListItem","position":3,"name":"L\u00edvia Pereira Stefanini"}]},{"@type":"WebSite","@id":"https:\/\/hassonadvogados.com.br\/#website","url":"https:\/\/hassonadvogados.com.br\/","name":"Hasson Advogados","description":"","publisher":{"@id":"https:\/\/hassonadvogados.com.br\/#organization"},"potentialAction":[{"@type":"SearchAction","target":{"@type":"EntryPoint","urlTemplate":"https:\/\/hassonadvogados.com.br\/?s={search_term_string}"},"query-input":{"@type":"PropertyValueSpecification","valueRequired":true,"valueName":"search_term_string"}}],"inLanguage":"en-US"},{"@type":"Organization","@id":"https:\/\/hassonadvogados.com.br\/#organization","name":"Hasson Advogados","url":"https:\/\/hassonadvogados.com.br\/","logo":{"@type":"ImageObject","inLanguage":"en-US","@id":"https:\/\/hassonadvogados.com.br\/#\/schema\/logo\/image\/","url":"https:\/\/hassonadvogados.com.br\/wp-content\/uploads\/2022\/07\/logo-hasson-azul.svg","contentUrl":"https:\/\/hassonadvogados.com.br\/wp-content\/uploads\/2022\/07\/logo-hasson-azul.svg","width":1,"height":1,"caption":"Hasson Advogados"},"image":{"@id":"https:\/\/hassonadvogados.com.br\/#\/schema\/logo\/image\/"}}]}},"_links":{"self":[{"href":"https:\/\/hassonadvogados.com.br\/en\/wp-json\/wp\/v2\/pages\/2418","targetHints":{"allow":["GET"]}}],"collection":[{"href":"https:\/\/hassonadvogados.com.br\/en\/wp-json\/wp\/v2\/pages"}],"about":[{"href":"https:\/\/hassonadvogados.com.br\/en\/wp-json\/wp\/v2\/types\/page"}],"author":[{"embeddable":true,"href":"https:\/\/hassonadvogados.com.br\/en\/wp-json\/wp\/v2\/users\/1"}],"replies":[{"embeddable":true,"href":"https:\/\/hassonadvogados.com.br\/en\/wp-json\/wp\/v2\/comments?post=2418"}],"version-history":[{"count":0,"href":"https:\/\/hassonadvogados.com.br\/en\/wp-json\/wp\/v2\/pages\/2418\/revisions"}],"up":[{"embeddable":true,"href":"https:\/\/hassonadvogados.com.br\/en\/wp-json\/wp\/v2\/pages\/2228"}],"wp:attachment":[{"href":"https:\/\/hassonadvogados.com.br\/en\/wp-json\/wp\/v2\/media?parent=2418"}],"wp:term":[{"taxonomy":"author","embeddable":true,"href":"https:\/\/hassonadvogados.com.br\/en\/wp-json\/wp\/v2\/coauthors?post=2418"}],"curies":[{"name":"wp","href":"https:\/\/api.w.org\/{rel}","templated":true}]}}