{"id":2422,"date":"2022-03-07T13:08:07","date_gmt":"2022-03-07T16:08:07","guid":{"rendered":"https:\/\/hassonadvogados.com.br\/lawyers\/gabriel-ramalho-gamis-de-oliveira\/"},"modified":"2022-03-07T13:08:07","modified_gmt":"2022-03-07T16:08:07","slug":"gabriel-ramalho-gamis-de-oliveira","status":"publish","type":"page","link":"https:\/\/hassonadvogados.com.br\/en\/lawyers\/gabriel-ramalho-gamis-de-oliveira\/","title":{"rendered":"Gabriel Ramalho Gamis de Oliveira"},"content":{"rendered":"<h4>History<\/h4>\n<p>Attorney with hands-on experience in the practice of law, both massively and advisory\/preventive. Currently working more specifically in the area of consumer law, with massive telephone litigation, providing full legal assistance to large companies, with a large volume of lawsuits, helping them from the receipt\/judgment of the lawsuit until its final outcome, including with the Superior Courts, when necessary. I also have experience in corporate, real estate, administrative, and banking law.<\/p>\n<p>Lawyer with more than 11 years of practical experience in advocacy before the national Courts of Justice, having Lato Sensu specialization by the Escola da Magistratura do Estado do Rio de Janeiro (EMERJ), graduated by the Centro Universit\u00e1rio de Barra Mansa (UBM-RJ), and technical course in Informatics by the Escola T\u00e9cnica Pandi\u00e1 Cal\u00f3geras (ETPC-RJ). Currently working more specifically in the area of consumer law, with massive telephony litigation, providing full legal assistance to large companies, with a large volume of lawsuits, from the receipt\/judgment of the lawsuit until its final outcome, including with the Superior Courts, when necessary. I also have experience in corporate, real estate, administrative, and banking law.<\/p>\n<h4>Training<\/h4>\n<ul>\n<li>Graduated in law from UniBrasil.<\/li>\n<li>Post-graduate in Civil Law from EMERJ.<\/li>\n<\/ul>\n","protected":false},"excerpt":{"rendered":"<p>History Attorney with hands-on experience in the practice of law, both massively and advisory\/preventive. Currently working more specifically in the area of consumer law, with massive telephone litigation, providing full legal assistance to large companies, with a large volume of lawsuits, helping them from the receipt\/judgment of the lawsuit until its final outcome, including with [&hellip;]<\/p>\n","protected":false},"author":1,"featured_media":0,"parent":2228,"menu_order":69,"comment_status":"closed","ping_status":"closed","template":"template-perfil.php","meta":{"_acf_changed":false,"footnotes":""},"coauthors":[],"class_list":["post-2422","page","type-page","status-publish","hentry"],"acf":[],"yoast_head":"<!-- This site is optimized with the Yoast SEO plugin v24.3 - https:\/\/yoast.com\/wordpress\/plugins\/seo\/ -->\n<title>Gabriel Ramalho Gamis de Oliveira | Hasson Advogados<\/title>\n<meta name=\"robots\" content=\"index, follow, max-snippet:-1, max-image-preview:large, max-video-preview:-1\" \/>\n<link rel=\"canonical\" href=\"https:\/\/hassonadvogados.com.br\/en\/lawyers\/gabriel-ramalho-gamis-de-oliveira\/\" \/>\n<meta property=\"og:locale\" content=\"en_US\" \/>\n<meta property=\"og:type\" content=\"article\" \/>\n<meta property=\"og:title\" content=\"Gabriel Ramalho Gamis de Oliveira | Hasson Advogados\" \/>\n<meta property=\"og:description\" content=\"History Attorney with hands-on experience in the practice of law, both massively and advisory\/preventive. Currently working more specifically in the area of consumer law, with massive telephone litigation, providing full legal assistance to large companies, with a large volume of lawsuits, helping them from the receipt\/judgment of the lawsuit until its final outcome, including with [&hellip;]\" \/>\n<meta property=\"og:url\" content=\"https:\/\/hassonadvogados.com.br\/en\/lawyers\/gabriel-ramalho-gamis-de-oliveira\/\" \/>\n<meta property=\"og:site_name\" content=\"Hasson Advogados\" \/>\n<meta name=\"twitter:card\" content=\"summary_large_image\" \/>\n<meta name=\"twitter:label1\" content=\"Est. reading time\" \/>\n\t<meta name=\"twitter:data1\" content=\"1 minute\" \/>\n\t<meta name=\"twitter:label2\" content=\"Written by\" \/>\n\t<meta name=\"twitter:data2\" content=\"javalidigital\" \/>\n<script type=\"application\/ld+json\" class=\"yoast-schema-graph\">{\"@context\":\"https:\/\/schema.org\",\"@graph\":[{\"@type\":\"WebPage\",\"@id\":\"https:\/\/hassonadvogados.com.br\/en\/lawyers\/gabriel-ramalho-gamis-de-oliveira\/\",\"url\":\"https:\/\/hassonadvogados.com.br\/en\/lawyers\/gabriel-ramalho-gamis-de-oliveira\/\",\"name\":\"Gabriel Ramalho Gamis de Oliveira | Hasson Advogados\",\"isPartOf\":{\"@id\":\"https:\/\/hassonadvogados.com.br\/#website\"},\"datePublished\":\"2022-03-07T16:08:07+00:00\",\"dateModified\":\"2022-03-07T16:08:07+00:00\",\"breadcrumb\":{\"@id\":\"https:\/\/hassonadvogados.com.br\/en\/lawyers\/gabriel-ramalho-gamis-de-oliveira\/#breadcrumb\"},\"inLanguage\":\"en-US\",\"potentialAction\":[{\"@type\":\"ReadAction\",\"target\":[\"https:\/\/hassonadvogados.com.br\/en\/lawyers\/gabriel-ramalho-gamis-de-oliveira\/\"]}]},{\"@type\":\"BreadcrumbList\",\"@id\":\"https:\/\/hassonadvogados.com.br\/en\/lawyers\/gabriel-ramalho-gamis-de-oliveira\/#breadcrumb\",\"itemListElement\":[{\"@type\":\"ListItem\",\"position\":1,\"name\":\"In\u00edcio\",\"item\":\"https:\/\/hassonadvogados.com.br\/en\/\"},{\"@type\":\"ListItem\",\"position\":2,\"name\":\"Lawyers\",\"item\":\"https:\/\/hassonadvogados.com.br\/en\/lawyers\/\"},{\"@type\":\"ListItem\",\"position\":3,\"name\":\"Gabriel Ramalho Gamis de Oliveira\"}]},{\"@type\":\"WebSite\",\"@id\":\"https:\/\/hassonadvogados.com.br\/#website\",\"url\":\"https:\/\/hassonadvogados.com.br\/\",\"name\":\"Hasson Advogados\",\"description\":\"\",\"publisher\":{\"@id\":\"https:\/\/hassonadvogados.com.br\/#organization\"},\"potentialAction\":[{\"@type\":\"SearchAction\",\"target\":{\"@type\":\"EntryPoint\",\"urlTemplate\":\"https:\/\/hassonadvogados.com.br\/?s={search_term_string}\"},\"query-input\":{\"@type\":\"PropertyValueSpecification\",\"valueRequired\":true,\"valueName\":\"search_term_string\"}}],\"inLanguage\":\"en-US\"},{\"@type\":\"Organization\",\"@id\":\"https:\/\/hassonadvogados.com.br\/#organization\",\"name\":\"Hasson Advogados\",\"url\":\"https:\/\/hassonadvogados.com.br\/\",\"logo\":{\"@type\":\"ImageObject\",\"inLanguage\":\"en-US\",\"@id\":\"https:\/\/hassonadvogados.com.br\/#\/schema\/logo\/image\/\",\"url\":\"https:\/\/hassonadvogados.com.br\/wp-content\/uploads\/2022\/07\/logo-hasson-azul.svg\",\"contentUrl\":\"https:\/\/hassonadvogados.com.br\/wp-content\/uploads\/2022\/07\/logo-hasson-azul.svg\",\"width\":1,\"height\":1,\"caption\":\"Hasson Advogados\"},\"image\":{\"@id\":\"https:\/\/hassonadvogados.com.br\/#\/schema\/logo\/image\/\"}}]}<\/script>\n<!-- \/ Yoast SEO plugin. -->","yoast_head_json":{"title":"Gabriel Ramalho Gamis de Oliveira | Hasson Advogados","robots":{"index":"index","follow":"follow","max-snippet":"max-snippet:-1","max-image-preview":"max-image-preview:large","max-video-preview":"max-video-preview:-1"},"canonical":"https:\/\/hassonadvogados.com.br\/en\/lawyers\/gabriel-ramalho-gamis-de-oliveira\/","og_locale":"en_US","og_type":"article","og_title":"Gabriel Ramalho Gamis de Oliveira | Hasson Advogados","og_description":"History Attorney with hands-on experience in the practice of law, both massively and advisory\/preventive. Currently working more specifically in the area of consumer law, with massive telephone litigation, providing full legal assistance to large companies, with a large volume of lawsuits, helping them from the receipt\/judgment of the lawsuit until its final outcome, including with [&hellip;]","og_url":"https:\/\/hassonadvogados.com.br\/en\/lawyers\/gabriel-ramalho-gamis-de-oliveira\/","og_site_name":"Hasson Advogados","twitter_card":"summary_large_image","twitter_misc":{"Est. reading time":"1 minute","Written by":"javalidigital"},"schema":{"@context":"https:\/\/schema.org","@graph":[{"@type":"WebPage","@id":"https:\/\/hassonadvogados.com.br\/en\/lawyers\/gabriel-ramalho-gamis-de-oliveira\/","url":"https:\/\/hassonadvogados.com.br\/en\/lawyers\/gabriel-ramalho-gamis-de-oliveira\/","name":"Gabriel Ramalho Gamis de Oliveira | Hasson Advogados","isPartOf":{"@id":"https:\/\/hassonadvogados.com.br\/#website"},"datePublished":"2022-03-07T16:08:07+00:00","dateModified":"2022-03-07T16:08:07+00:00","breadcrumb":{"@id":"https:\/\/hassonadvogados.com.br\/en\/lawyers\/gabriel-ramalho-gamis-de-oliveira\/#breadcrumb"},"inLanguage":"en-US","potentialAction":[{"@type":"ReadAction","target":["https:\/\/hassonadvogados.com.br\/en\/lawyers\/gabriel-ramalho-gamis-de-oliveira\/"]}]},{"@type":"BreadcrumbList","@id":"https:\/\/hassonadvogados.com.br\/en\/lawyers\/gabriel-ramalho-gamis-de-oliveira\/#breadcrumb","itemListElement":[{"@type":"ListItem","position":1,"name":"In\u00edcio","item":"https:\/\/hassonadvogados.com.br\/en\/"},{"@type":"ListItem","position":2,"name":"Lawyers","item":"https:\/\/hassonadvogados.com.br\/en\/lawyers\/"},{"@type":"ListItem","position":3,"name":"Gabriel Ramalho Gamis de Oliveira"}]},{"@type":"WebSite","@id":"https:\/\/hassonadvogados.com.br\/#website","url":"https:\/\/hassonadvogados.com.br\/","name":"Hasson Advogados","description":"","publisher":{"@id":"https:\/\/hassonadvogados.com.br\/#organization"},"potentialAction":[{"@type":"SearchAction","target":{"@type":"EntryPoint","urlTemplate":"https:\/\/hassonadvogados.com.br\/?s={search_term_string}"},"query-input":{"@type":"PropertyValueSpecification","valueRequired":true,"valueName":"search_term_string"}}],"inLanguage":"en-US"},{"@type":"Organization","@id":"https:\/\/hassonadvogados.com.br\/#organization","name":"Hasson Advogados","url":"https:\/\/hassonadvogados.com.br\/","logo":{"@type":"ImageObject","inLanguage":"en-US","@id":"https:\/\/hassonadvogados.com.br\/#\/schema\/logo\/image\/","url":"https:\/\/hassonadvogados.com.br\/wp-content\/uploads\/2022\/07\/logo-hasson-azul.svg","contentUrl":"https:\/\/hassonadvogados.com.br\/wp-content\/uploads\/2022\/07\/logo-hasson-azul.svg","width":1,"height":1,"caption":"Hasson Advogados"},"image":{"@id":"https:\/\/hassonadvogados.com.br\/#\/schema\/logo\/image\/"}}]}},"_links":{"self":[{"href":"https:\/\/hassonadvogados.com.br\/en\/wp-json\/wp\/v2\/pages\/2422","targetHints":{"allow":["GET"]}}],"collection":[{"href":"https:\/\/hassonadvogados.com.br\/en\/wp-json\/wp\/v2\/pages"}],"about":[{"href":"https:\/\/hassonadvogados.com.br\/en\/wp-json\/wp\/v2\/types\/page"}],"author":[{"embeddable":true,"href":"https:\/\/hassonadvogados.com.br\/en\/wp-json\/wp\/v2\/users\/1"}],"replies":[{"embeddable":true,"href":"https:\/\/hassonadvogados.com.br\/en\/wp-json\/wp\/v2\/comments?post=2422"}],"version-history":[{"count":0,"href":"https:\/\/hassonadvogados.com.br\/en\/wp-json\/wp\/v2\/pages\/2422\/revisions"}],"up":[{"embeddable":true,"href":"https:\/\/hassonadvogados.com.br\/en\/wp-json\/wp\/v2\/pages\/2228"}],"wp:attachment":[{"href":"https:\/\/hassonadvogados.com.br\/en\/wp-json\/wp\/v2\/media?parent=2422"}],"wp:term":[{"taxonomy":"author","embeddable":true,"href":"https:\/\/hassonadvogados.com.br\/en\/wp-json\/wp\/v2\/coauthors?post=2422"}],"curies":[{"name":"wp","href":"https:\/\/api.w.org\/{rel}","templated":true}]}}