{"id":2425,"date":"2021-11-01T17:29:53","date_gmt":"2021-11-01T20:29:53","guid":{"rendered":"https:\/\/hassonadvogados.com.br\/lawyers\/marcelo-adriano-da-silva\/"},"modified":"2021-11-01T17:29:53","modified_gmt":"2021-11-01T20:29:53","slug":"marcelo-adriano-da-silva","status":"publish","type":"page","link":"https:\/\/hassonadvogados.com.br\/en\/lawyers\/marcelo-adriano-da-silva\/","title":{"rendered":"Marcelo Adriano da Silva"},"content":{"rendered":"<h4>History<\/h4>\n<p>Lawyer with experience in Labor Relations Law, acting both in preventive and litigious matters, with ability to conduct complex hearings and to solve conflicts by agreement, with great technical capacity in the preparation of defenses, appeals, legal opinions, and risk analysis.<\/p>\n<p>Specialist in labor calculations and Personnel Department routine, with about 10 years of practical experience in national and multinational companies with focus on payroll management, elaboration of calculations for INSS and FGTS payments, admission (effectiveness of the employment contract), dismissal (effectiveness of the dismissal process), control of time registration (administration of the working day by means of manual and electronic timecards), vacation and leave control, control of certificates and labor liabilities, management of fringe benefits, document issue and management, among others.<\/p>\n<p>His personal hobby is running, and he has already participated in several races, such as street running, mountain running, trail running, and relay races, among other sports.<\/p>\n<h4>Training<\/h4>\n<ul>\n<li>Lato Sensu post-graduate degree in Labor and Social Security Law from the Escola da Associa\u00e7\u00e3o dos Magistrados do Trabalho do Paran\u00e1 &#8211; EMATRA\/PR.<\/li>\n<li>Bachelor of Laws from Curitiba University Center &#8211; UNICURITIBA<\/li>\n<\/ul>\n","protected":false},"excerpt":{"rendered":"<p>History Lawyer with experience in Labor Relations Law, acting both in preventive and litigious matters, with ability to conduct complex hearings and to solve conflicts by agreement, with great technical capacity in the preparation of defenses, appeals, legal opinions, and risk analysis. Specialist in labor calculations and Personnel Department routine, with about 10 years of [&hellip;]<\/p>\n","protected":false},"author":1,"featured_media":0,"parent":2228,"menu_order":74,"comment_status":"closed","ping_status":"closed","template":"template-perfil.php","meta":{"_acf_changed":false,"footnotes":""},"coauthors":[],"class_list":["post-2425","page","type-page","status-publish","hentry"],"acf":[],"yoast_head":"<!-- This site is optimized with the Yoast SEO plugin v24.3 - https:\/\/yoast.com\/wordpress\/plugins\/seo\/ -->\n<title>Marcelo Adriano da Silva | Hasson Advogados<\/title>\n<meta name=\"robots\" content=\"index, follow, max-snippet:-1, max-image-preview:large, max-video-preview:-1\" \/>\n<link rel=\"canonical\" href=\"https:\/\/hassonadvogados.com.br\/en\/lawyers\/marcelo-adriano-da-silva\/\" \/>\n<meta property=\"og:locale\" content=\"en_US\" \/>\n<meta property=\"og:type\" content=\"article\" \/>\n<meta property=\"og:title\" content=\"Marcelo Adriano da Silva | Hasson Advogados\" \/>\n<meta property=\"og:description\" content=\"History Lawyer with experience in Labor Relations Law, acting both in preventive and litigious matters, with ability to conduct complex hearings and to solve conflicts by agreement, with great technical capacity in the preparation of defenses, appeals, legal opinions, and risk analysis. Specialist in labor calculations and Personnel Department routine, with about 10 years of [&hellip;]\" \/>\n<meta property=\"og:url\" content=\"https:\/\/hassonadvogados.com.br\/en\/lawyers\/marcelo-adriano-da-silva\/\" \/>\n<meta property=\"og:site_name\" content=\"Hasson Advogados\" \/>\n<meta name=\"twitter:card\" content=\"summary_large_image\" \/>\n<meta name=\"twitter:label1\" content=\"Est. reading time\" \/>\n\t<meta name=\"twitter:data1\" content=\"1 minute\" \/>\n\t<meta name=\"twitter:label2\" content=\"Written by\" \/>\n\t<meta name=\"twitter:data2\" content=\"javalidigital\" \/>\n<script type=\"application\/ld+json\" class=\"yoast-schema-graph\">{\"@context\":\"https:\/\/schema.org\",\"@graph\":[{\"@type\":\"WebPage\",\"@id\":\"https:\/\/hassonadvogados.com.br\/en\/lawyers\/marcelo-adriano-da-silva\/\",\"url\":\"https:\/\/hassonadvogados.com.br\/en\/lawyers\/marcelo-adriano-da-silva\/\",\"name\":\"Marcelo Adriano da Silva | Hasson Advogados\",\"isPartOf\":{\"@id\":\"https:\/\/hassonadvogados.com.br\/#website\"},\"datePublished\":\"2021-11-01T20:29:53+00:00\",\"dateModified\":\"2021-11-01T20:29:53+00:00\",\"breadcrumb\":{\"@id\":\"https:\/\/hassonadvogados.com.br\/en\/lawyers\/marcelo-adriano-da-silva\/#breadcrumb\"},\"inLanguage\":\"en-US\",\"potentialAction\":[{\"@type\":\"ReadAction\",\"target\":[\"https:\/\/hassonadvogados.com.br\/en\/lawyers\/marcelo-adriano-da-silva\/\"]}]},{\"@type\":\"BreadcrumbList\",\"@id\":\"https:\/\/hassonadvogados.com.br\/en\/lawyers\/marcelo-adriano-da-silva\/#breadcrumb\",\"itemListElement\":[{\"@type\":\"ListItem\",\"position\":1,\"name\":\"In\u00edcio\",\"item\":\"https:\/\/hassonadvogados.com.br\/en\/\"},{\"@type\":\"ListItem\",\"position\":2,\"name\":\"Lawyers\",\"item\":\"https:\/\/hassonadvogados.com.br\/en\/lawyers\/\"},{\"@type\":\"ListItem\",\"position\":3,\"name\":\"Marcelo Adriano da Silva\"}]},{\"@type\":\"WebSite\",\"@id\":\"https:\/\/hassonadvogados.com.br\/#website\",\"url\":\"https:\/\/hassonadvogados.com.br\/\",\"name\":\"Hasson Advogados\",\"description\":\"\",\"publisher\":{\"@id\":\"https:\/\/hassonadvogados.com.br\/#organization\"},\"potentialAction\":[{\"@type\":\"SearchAction\",\"target\":{\"@type\":\"EntryPoint\",\"urlTemplate\":\"https:\/\/hassonadvogados.com.br\/?s={search_term_string}\"},\"query-input\":{\"@type\":\"PropertyValueSpecification\",\"valueRequired\":true,\"valueName\":\"search_term_string\"}}],\"inLanguage\":\"en-US\"},{\"@type\":\"Organization\",\"@id\":\"https:\/\/hassonadvogados.com.br\/#organization\",\"name\":\"Hasson Advogados\",\"url\":\"https:\/\/hassonadvogados.com.br\/\",\"logo\":{\"@type\":\"ImageObject\",\"inLanguage\":\"en-US\",\"@id\":\"https:\/\/hassonadvogados.com.br\/#\/schema\/logo\/image\/\",\"url\":\"https:\/\/hassonadvogados.com.br\/wp-content\/uploads\/2022\/07\/logo-hasson-azul.svg\",\"contentUrl\":\"https:\/\/hassonadvogados.com.br\/wp-content\/uploads\/2022\/07\/logo-hasson-azul.svg\",\"width\":1,\"height\":1,\"caption\":\"Hasson Advogados\"},\"image\":{\"@id\":\"https:\/\/hassonadvogados.com.br\/#\/schema\/logo\/image\/\"}}]}<\/script>\n<!-- \/ Yoast SEO plugin. -->","yoast_head_json":{"title":"Marcelo Adriano da Silva | Hasson Advogados","robots":{"index":"index","follow":"follow","max-snippet":"max-snippet:-1","max-image-preview":"max-image-preview:large","max-video-preview":"max-video-preview:-1"},"canonical":"https:\/\/hassonadvogados.com.br\/en\/lawyers\/marcelo-adriano-da-silva\/","og_locale":"en_US","og_type":"article","og_title":"Marcelo Adriano da Silva | Hasson Advogados","og_description":"History Lawyer with experience in Labor Relations Law, acting both in preventive and litigious matters, with ability to conduct complex hearings and to solve conflicts by agreement, with great technical capacity in the preparation of defenses, appeals, legal opinions, and risk analysis. Specialist in labor calculations and Personnel Department routine, with about 10 years of [&hellip;]","og_url":"https:\/\/hassonadvogados.com.br\/en\/lawyers\/marcelo-adriano-da-silva\/","og_site_name":"Hasson Advogados","twitter_card":"summary_large_image","twitter_misc":{"Est. reading time":"1 minute","Written by":"javalidigital"},"schema":{"@context":"https:\/\/schema.org","@graph":[{"@type":"WebPage","@id":"https:\/\/hassonadvogados.com.br\/en\/lawyers\/marcelo-adriano-da-silva\/","url":"https:\/\/hassonadvogados.com.br\/en\/lawyers\/marcelo-adriano-da-silva\/","name":"Marcelo Adriano da Silva | Hasson Advogados","isPartOf":{"@id":"https:\/\/hassonadvogados.com.br\/#website"},"datePublished":"2021-11-01T20:29:53+00:00","dateModified":"2021-11-01T20:29:53+00:00","breadcrumb":{"@id":"https:\/\/hassonadvogados.com.br\/en\/lawyers\/marcelo-adriano-da-silva\/#breadcrumb"},"inLanguage":"en-US","potentialAction":[{"@type":"ReadAction","target":["https:\/\/hassonadvogados.com.br\/en\/lawyers\/marcelo-adriano-da-silva\/"]}]},{"@type":"BreadcrumbList","@id":"https:\/\/hassonadvogados.com.br\/en\/lawyers\/marcelo-adriano-da-silva\/#breadcrumb","itemListElement":[{"@type":"ListItem","position":1,"name":"In\u00edcio","item":"https:\/\/hassonadvogados.com.br\/en\/"},{"@type":"ListItem","position":2,"name":"Lawyers","item":"https:\/\/hassonadvogados.com.br\/en\/lawyers\/"},{"@type":"ListItem","position":3,"name":"Marcelo Adriano da Silva"}]},{"@type":"WebSite","@id":"https:\/\/hassonadvogados.com.br\/#website","url":"https:\/\/hassonadvogados.com.br\/","name":"Hasson Advogados","description":"","publisher":{"@id":"https:\/\/hassonadvogados.com.br\/#organization"},"potentialAction":[{"@type":"SearchAction","target":{"@type":"EntryPoint","urlTemplate":"https:\/\/hassonadvogados.com.br\/?s={search_term_string}"},"query-input":{"@type":"PropertyValueSpecification","valueRequired":true,"valueName":"search_term_string"}}],"inLanguage":"en-US"},{"@type":"Organization","@id":"https:\/\/hassonadvogados.com.br\/#organization","name":"Hasson Advogados","url":"https:\/\/hassonadvogados.com.br\/","logo":{"@type":"ImageObject","inLanguage":"en-US","@id":"https:\/\/hassonadvogados.com.br\/#\/schema\/logo\/image\/","url":"https:\/\/hassonadvogados.com.br\/wp-content\/uploads\/2022\/07\/logo-hasson-azul.svg","contentUrl":"https:\/\/hassonadvogados.com.br\/wp-content\/uploads\/2022\/07\/logo-hasson-azul.svg","width":1,"height":1,"caption":"Hasson Advogados"},"image":{"@id":"https:\/\/hassonadvogados.com.br\/#\/schema\/logo\/image\/"}}]}},"_links":{"self":[{"href":"https:\/\/hassonadvogados.com.br\/en\/wp-json\/wp\/v2\/pages\/2425","targetHints":{"allow":["GET"]}}],"collection":[{"href":"https:\/\/hassonadvogados.com.br\/en\/wp-json\/wp\/v2\/pages"}],"about":[{"href":"https:\/\/hassonadvogados.com.br\/en\/wp-json\/wp\/v2\/types\/page"}],"author":[{"embeddable":true,"href":"https:\/\/hassonadvogados.com.br\/en\/wp-json\/wp\/v2\/users\/1"}],"replies":[{"embeddable":true,"href":"https:\/\/hassonadvogados.com.br\/en\/wp-json\/wp\/v2\/comments?post=2425"}],"version-history":[{"count":0,"href":"https:\/\/hassonadvogados.com.br\/en\/wp-json\/wp\/v2\/pages\/2425\/revisions"}],"up":[{"embeddable":true,"href":"https:\/\/hassonadvogados.com.br\/en\/wp-json\/wp\/v2\/pages\/2228"}],"wp:attachment":[{"href":"https:\/\/hassonadvogados.com.br\/en\/wp-json\/wp\/v2\/media?parent=2425"}],"wp:term":[{"taxonomy":"author","embeddable":true,"href":"https:\/\/hassonadvogados.com.br\/en\/wp-json\/wp\/v2\/coauthors?post=2425"}],"curies":[{"name":"wp","href":"https:\/\/api.w.org\/{rel}","templated":true}]}}