{"id":2430,"date":"2021-11-22T18:49:41","date_gmt":"2021-11-22T21:49:41","guid":{"rendered":"https:\/\/hassonadvogados.com.br\/lawyers\/renata-berti-valente\/"},"modified":"2021-11-22T18:49:41","modified_gmt":"2021-11-22T21:49:41","slug":"renata-berti-valente","status":"publish","type":"page","link":"https:\/\/hassonadvogados.com.br\/en\/lawyers\/renata-berti-valente\/","title":{"rendered":"Renata Berti Valente"},"content":{"rendered":"<h4>History<\/h4>\n<p>She got into the legal area inspired by her family, especially her great-cousin, jurist Dr. Dalmo de Abreu Dallari. During his graduation, he worked as an intern at real estate agents, law firms, and at the Regional Labor Court of the 9th Region. In the latter, he became fascinated by labor law and decided to pursue this area.<\/p>\n<p>She is currently a senior lawyer, with an intense activity in the employer&#8217;s litigation and advisory law practice, serving clients from the most varied segments. Among its activities, we highlight the defense of companies in the retail, transportation, and logistics segments, financial institutions, civil construction, metallurgical, and automotive industries.<\/p>\n<p>It has know-how to act in strategic and high-risk demands. It acts with an ownership mentality with its clients, acting in an artisanal way in the demands.<\/p>\n<p>In 2020, it was awarded by the Magazine Luiza S.A. group, highlighting the reduction in stock inventory and average ticket in 2019, when the firm was also granted a certificate of good practices.<\/p>\n<p>He was a member of the 2nd OAB\/PR Professional Practice Oversight Committee in the years 2016\/2017. Former member of the 2nd OAB\/PR Professional Practice Oversight Committee (2016\/2017). He participates in several committees in the firm, among them: Diversity and Inclusion, Advocacy in Practice and Career Development, ESG, and Medicinal Cannabis.<\/p>\n<p>He recently assisted in the research that uncovered the murder of his great-great-grandfather, merchant Edward Young, which occurred on 7\/30\/1896. He also helped in the research of the Treasure of Trindade Island and in the recording of the documentary &#8220;O Legado do Pirata Zulmiro&#8221;.<\/p>\n<p>He participates in several committees in the firm, among them: Diversity and Inclusion, Advocacy in Practice and Career Development, ESG, and Medicinal Cannabis.<\/p>\n<p>He studied performing arts and took part in several philanthropic actions. He has actively participated in rescues of animals in risky situations. He is enthusiastic about art, philosophy, and psychology.<\/p>\n<h4>Training<\/h4>\n<ul>\n<li>Attending the Labor Practice Academy, with focus on strategic analysis in labor suits.<\/li>\n<li>Post-graduate student in Labor Law at Escola Global de Educa\u00e7\u00e3o Avan\u00e7ada and Ateneu Instituto de Ensino e Pesquisa.<\/li>\n<li>Graduated in Law from Unicuritiba.<\/li>\n<\/ul>\n<h4>Awards and recognition<\/h4>\n<ul>\n<li>1st place in the Labor Ranking of law firms made by the company Magazine Luiza S.A. in 2019, with highlight on reduction of stock of lawsuits and average ticket.<\/li>\n<li>Certificate of good practices issued by the company Magazine Luiza S.A. in 2019.<\/li>\n<li>3rd place in the Labor Ranking of offices made by the company Magazine Luiza S.A. in 2018.<\/li>\n<\/ul>\n","protected":false},"excerpt":{"rendered":"<p>History She got into the legal area inspired by her family, especially her great-cousin, jurist Dr. Dalmo de Abreu Dallari. During his graduation, he worked as an intern at real estate agents, law firms, and at the Regional Labor Court of the 9th Region. In the latter, he became fascinated by labor law and decided [&hellip;]<\/p>\n","protected":false},"author":1,"featured_media":0,"parent":2228,"menu_order":84,"comment_status":"closed","ping_status":"closed","template":"template-perfil.php","meta":{"_acf_changed":false,"footnotes":""},"coauthors":[],"class_list":["post-2430","page","type-page","status-publish","hentry"],"acf":[],"yoast_head":"<!-- This site is optimized with the Yoast SEO plugin v24.3 - https:\/\/yoast.com\/wordpress\/plugins\/seo\/ -->\n<title>Renata Berti Valente | Hasson Advogados<\/title>\n<meta name=\"robots\" content=\"index, follow, max-snippet:-1, max-image-preview:large, max-video-preview:-1\" \/>\n<link rel=\"canonical\" href=\"https:\/\/hassonadvogados.com.br\/en\/lawyers\/renata-berti-valente\/\" \/>\n<meta property=\"og:locale\" content=\"en_US\" \/>\n<meta property=\"og:type\" content=\"article\" \/>\n<meta property=\"og:title\" content=\"Renata Berti Valente | Hasson Advogados\" \/>\n<meta property=\"og:description\" content=\"History She got into the legal area inspired by her family, especially her great-cousin, jurist Dr. Dalmo de Abreu Dallari. During his graduation, he worked as an intern at real estate agents, law firms, and at the Regional Labor Court of the 9th Region. In the latter, he became fascinated by labor law and decided [&hellip;]\" \/>\n<meta property=\"og:url\" content=\"https:\/\/hassonadvogados.com.br\/en\/lawyers\/renata-berti-valente\/\" \/>\n<meta property=\"og:site_name\" content=\"Hasson Advogados\" \/>\n<meta name=\"twitter:card\" content=\"summary_large_image\" \/>\n<meta name=\"twitter:label1\" content=\"Est. reading time\" \/>\n\t<meta name=\"twitter:data1\" content=\"2 minutes\" \/>\n\t<meta name=\"twitter:label2\" content=\"Written by\" \/>\n\t<meta name=\"twitter:data2\" content=\"javalidigital\" \/>\n<script type=\"application\/ld+json\" class=\"yoast-schema-graph\">{\"@context\":\"https:\/\/schema.org\",\"@graph\":[{\"@type\":\"WebPage\",\"@id\":\"https:\/\/hassonadvogados.com.br\/en\/lawyers\/renata-berti-valente\/\",\"url\":\"https:\/\/hassonadvogados.com.br\/en\/lawyers\/renata-berti-valente\/\",\"name\":\"Renata Berti Valente | Hasson Advogados\",\"isPartOf\":{\"@id\":\"https:\/\/hassonadvogados.com.br\/#website\"},\"datePublished\":\"2021-11-22T21:49:41+00:00\",\"dateModified\":\"2021-11-22T21:49:41+00:00\",\"breadcrumb\":{\"@id\":\"https:\/\/hassonadvogados.com.br\/en\/lawyers\/renata-berti-valente\/#breadcrumb\"},\"inLanguage\":\"en-US\",\"potentialAction\":[{\"@type\":\"ReadAction\",\"target\":[\"https:\/\/hassonadvogados.com.br\/en\/lawyers\/renata-berti-valente\/\"]}]},{\"@type\":\"BreadcrumbList\",\"@id\":\"https:\/\/hassonadvogados.com.br\/en\/lawyers\/renata-berti-valente\/#breadcrumb\",\"itemListElement\":[{\"@type\":\"ListItem\",\"position\":1,\"name\":\"In\u00edcio\",\"item\":\"https:\/\/hassonadvogados.com.br\/en\/\"},{\"@type\":\"ListItem\",\"position\":2,\"name\":\"Lawyers\",\"item\":\"https:\/\/hassonadvogados.com.br\/en\/lawyers\/\"},{\"@type\":\"ListItem\",\"position\":3,\"name\":\"Renata Berti Valente\"}]},{\"@type\":\"WebSite\",\"@id\":\"https:\/\/hassonadvogados.com.br\/#website\",\"url\":\"https:\/\/hassonadvogados.com.br\/\",\"name\":\"Hasson Advogados\",\"description\":\"\",\"publisher\":{\"@id\":\"https:\/\/hassonadvogados.com.br\/#organization\"},\"potentialAction\":[{\"@type\":\"SearchAction\",\"target\":{\"@type\":\"EntryPoint\",\"urlTemplate\":\"https:\/\/hassonadvogados.com.br\/?s={search_term_string}\"},\"query-input\":{\"@type\":\"PropertyValueSpecification\",\"valueRequired\":true,\"valueName\":\"search_term_string\"}}],\"inLanguage\":\"en-US\"},{\"@type\":\"Organization\",\"@id\":\"https:\/\/hassonadvogados.com.br\/#organization\",\"name\":\"Hasson Advogados\",\"url\":\"https:\/\/hassonadvogados.com.br\/\",\"logo\":{\"@type\":\"ImageObject\",\"inLanguage\":\"en-US\",\"@id\":\"https:\/\/hassonadvogados.com.br\/#\/schema\/logo\/image\/\",\"url\":\"https:\/\/hassonadvogados.com.br\/wp-content\/uploads\/2022\/07\/logo-hasson-azul.svg\",\"contentUrl\":\"https:\/\/hassonadvogados.com.br\/wp-content\/uploads\/2022\/07\/logo-hasson-azul.svg\",\"width\":1,\"height\":1,\"caption\":\"Hasson Advogados\"},\"image\":{\"@id\":\"https:\/\/hassonadvogados.com.br\/#\/schema\/logo\/image\/\"}}]}<\/script>\n<!-- \/ Yoast SEO plugin. -->","yoast_head_json":{"title":"Renata Berti Valente | Hasson Advogados","robots":{"index":"index","follow":"follow","max-snippet":"max-snippet:-1","max-image-preview":"max-image-preview:large","max-video-preview":"max-video-preview:-1"},"canonical":"https:\/\/hassonadvogados.com.br\/en\/lawyers\/renata-berti-valente\/","og_locale":"en_US","og_type":"article","og_title":"Renata Berti Valente | Hasson Advogados","og_description":"History She got into the legal area inspired by her family, especially her great-cousin, jurist Dr. Dalmo de Abreu Dallari. During his graduation, he worked as an intern at real estate agents, law firms, and at the Regional Labor Court of the 9th Region. In the latter, he became fascinated by labor law and decided [&hellip;]","og_url":"https:\/\/hassonadvogados.com.br\/en\/lawyers\/renata-berti-valente\/","og_site_name":"Hasson Advogados","twitter_card":"summary_large_image","twitter_misc":{"Est. reading time":"2 minutes","Written by":"javalidigital"},"schema":{"@context":"https:\/\/schema.org","@graph":[{"@type":"WebPage","@id":"https:\/\/hassonadvogados.com.br\/en\/lawyers\/renata-berti-valente\/","url":"https:\/\/hassonadvogados.com.br\/en\/lawyers\/renata-berti-valente\/","name":"Renata Berti Valente | Hasson Advogados","isPartOf":{"@id":"https:\/\/hassonadvogados.com.br\/#website"},"datePublished":"2021-11-22T21:49:41+00:00","dateModified":"2021-11-22T21:49:41+00:00","breadcrumb":{"@id":"https:\/\/hassonadvogados.com.br\/en\/lawyers\/renata-berti-valente\/#breadcrumb"},"inLanguage":"en-US","potentialAction":[{"@type":"ReadAction","target":["https:\/\/hassonadvogados.com.br\/en\/lawyers\/renata-berti-valente\/"]}]},{"@type":"BreadcrumbList","@id":"https:\/\/hassonadvogados.com.br\/en\/lawyers\/renata-berti-valente\/#breadcrumb","itemListElement":[{"@type":"ListItem","position":1,"name":"In\u00edcio","item":"https:\/\/hassonadvogados.com.br\/en\/"},{"@type":"ListItem","position":2,"name":"Lawyers","item":"https:\/\/hassonadvogados.com.br\/en\/lawyers\/"},{"@type":"ListItem","position":3,"name":"Renata Berti Valente"}]},{"@type":"WebSite","@id":"https:\/\/hassonadvogados.com.br\/#website","url":"https:\/\/hassonadvogados.com.br\/","name":"Hasson Advogados","description":"","publisher":{"@id":"https:\/\/hassonadvogados.com.br\/#organization"},"potentialAction":[{"@type":"SearchAction","target":{"@type":"EntryPoint","urlTemplate":"https:\/\/hassonadvogados.com.br\/?s={search_term_string}"},"query-input":{"@type":"PropertyValueSpecification","valueRequired":true,"valueName":"search_term_string"}}],"inLanguage":"en-US"},{"@type":"Organization","@id":"https:\/\/hassonadvogados.com.br\/#organization","name":"Hasson Advogados","url":"https:\/\/hassonadvogados.com.br\/","logo":{"@type":"ImageObject","inLanguage":"en-US","@id":"https:\/\/hassonadvogados.com.br\/#\/schema\/logo\/image\/","url":"https:\/\/hassonadvogados.com.br\/wp-content\/uploads\/2022\/07\/logo-hasson-azul.svg","contentUrl":"https:\/\/hassonadvogados.com.br\/wp-content\/uploads\/2022\/07\/logo-hasson-azul.svg","width":1,"height":1,"caption":"Hasson Advogados"},"image":{"@id":"https:\/\/hassonadvogados.com.br\/#\/schema\/logo\/image\/"}}]}},"_links":{"self":[{"href":"https:\/\/hassonadvogados.com.br\/en\/wp-json\/wp\/v2\/pages\/2430","targetHints":{"allow":["GET"]}}],"collection":[{"href":"https:\/\/hassonadvogados.com.br\/en\/wp-json\/wp\/v2\/pages"}],"about":[{"href":"https:\/\/hassonadvogados.com.br\/en\/wp-json\/wp\/v2\/types\/page"}],"author":[{"embeddable":true,"href":"https:\/\/hassonadvogados.com.br\/en\/wp-json\/wp\/v2\/users\/1"}],"replies":[{"embeddable":true,"href":"https:\/\/hassonadvogados.com.br\/en\/wp-json\/wp\/v2\/comments?post=2430"}],"version-history":[{"count":0,"href":"https:\/\/hassonadvogados.com.br\/en\/wp-json\/wp\/v2\/pages\/2430\/revisions"}],"up":[{"embeddable":true,"href":"https:\/\/hassonadvogados.com.br\/en\/wp-json\/wp\/v2\/pages\/2228"}],"wp:attachment":[{"href":"https:\/\/hassonadvogados.com.br\/en\/wp-json\/wp\/v2\/media?parent=2430"}],"wp:term":[{"taxonomy":"author","embeddable":true,"href":"https:\/\/hassonadvogados.com.br\/en\/wp-json\/wp\/v2\/coauthors?post=2430"}],"curies":[{"name":"wp","href":"https:\/\/api.w.org\/{rel}","templated":true}]}}